{"id":1795,"date":"2024-03-28T09:10:06","date_gmt":"2024-03-28T09:10:06","guid":{"rendered":"https:\/\/chainformation.com\/?page_id=1795"},"modified":"2024-04-02T11:50:42","modified_gmt":"2024-04-02T11:50:42","slug":"customer-stories","status":"publish","type":"page","link":"https:\/\/chainformation.com\/sv\/customer-stories\/","title":{"rendered":"Kundber\u00e4ttelser"},"content":{"rendered":"<div data-elementor-type=\"wp-page\" data-elementor-id=\"1795\" class=\"elementor elementor-1795\" data-elementor-post-type=\"page\">\n\t\t\t\t<div class=\"elementor-element elementor-element-158b922 e-flex e-con-boxed e-con e-parent\" data-id=\"158b922\" data-element_type=\"container\" data-settings=\"{&quot;background_background&quot;:&quot;classic&quot;}\">\n\t\t\t\t\t<div class=\"e-con-inner\">\n\t\t\t\t<div class=\"elementor-element elementor-element-cb823bb elementor-widget elementor-widget-heading\" data-id=\"cb823bb\" data-element_type=\"widget\" data-widget_type=\"heading.default\">\n\t\t\t\t<div class=\"elementor-widget-container\">\n\t\t\t\t\t<h1 class=\"elementor-heading-title elementor-size-default\">Kundber\u00e4ttelser<\/h1>\t\t\t\t<\/div>\n\t\t\t\t<\/div>\n\t\t\t\t\t<\/div>\n\t\t\t\t<\/div>\n\t\t<div class=\"elementor-element elementor-element-2f6845c e-flex e-con-boxed e-con e-parent\" data-id=\"2f6845c\" data-element_type=\"container\">\n\t\t\t\t\t<div class=\"e-con-inner\">\n\t\t<div class=\"elementor-element elementor-element-b8a2817 e-flex e-con-boxed e-con e-child\" data-id=\"b8a2817\" data-element_type=\"container\">\n\t\t\t\t\t<div class=\"e-con-inner\">\n\t\t\t\t<div class=\"elementor-element elementor-element-7e8dee4 elementor-widget elementor-widget-ucaddon_logo_card_testimonial\" data-id=\"7e8dee4\" data-element_type=\"widget\" data-widget_type=\"ucaddon_logo_card_testimonial.default\">\n\t\t\t\t<div class=\"elementor-widget-container\">\n\t\t\t\t\t\n<!-- start Testimonial Card -->\n<style>\/* widget: Testimonial Card *\/\n\n#uc_logo_card_testimonial_elementor_7e8dee4 *{\n\tbox-sizing: border-box;\n}\n\n#uc_logo_card_testimonial_elementor_7e8dee4 .ue-image\n{\n  display:inline-flex;\n}\n\n#uc_logo_card_testimonial_elementor_7e8dee4 .ue-image img\n{\n  width:100%;\n  object-fit: cover;\n}\n\n#uc_logo_card_testimonial_elementor_7e8dee4 .ue-logo\n{\n  display:inline-block;\n}\n\n<\/style>\n\n<div class=\"ue-card\" id=\"uc_logo_card_testimonial_elementor_7e8dee4\">\t\n                <div class=\"ue-text\">The Nordic region\u2019s largest specialist retailer for paint, home fixing and professional services, Colorama with its 170 local stores requires clear internal communications, transparency and fast store support. The Colorama chain was formed in early 2007 after the merger of the two market leading brands.\n<br><br>\n\"Chainformation \u2013 Ett ov\u00e4rderligt verktyg i v\u00e5r vardag\"<br>\n\nVi anv\u00e4nder Chainformation p\u00e5 v\u00e5ra 12 Funplays aktivitetsparker i Sverige, Danmark och Norge och vi \u00e4r v\u00e4ldigt n\u00f6jda av hur mycket systemet underl\u00e4ttar v\u00e5rt dagliga arbete. Det hj\u00e4lper oss att kvalitetss\u00e4kra, f\u00f6lja upp rutiner och genomf\u00f6ra s\u00e4kerhetscheckar p\u00e5 ett smidigt och \u00f6versk\u00e5dligt s\u00e4tt.<\/div>\t\n                <div class=\"ue-title\">Sylvia Literska<\/div>\t\n                <div class=\"ue-subtitle\">Marketing Director at Colorama<\/div>                <div class=\"ue-logo\"><img decoding=\"async\" src=\"https:\/\/chainformation.com\/wp-content\/uploads\/2024\/02\/colorama_customer-300x300-1.png\" style=\"width:100%;\" ><\/div><\/div>\n<!-- end Testimonial Card -->\t\t\t\t<\/div>\n\t\t\t\t<\/div>\n\t\t\t\t<div class=\"elementor-element elementor-element-670ff1a elementor-widget elementor-widget-ucaddon_logo_card_testimonial\" data-id=\"670ff1a\" data-element_type=\"widget\" data-widget_type=\"ucaddon_logo_card_testimonial.default\">\n\t\t\t\t<div class=\"elementor-widget-container\">\n\t\t\t\t\t\n<!-- start Testimonial Card -->\n<style>\/* widget: Testimonial Card *\/\n\n#uc_logo_card_testimonial_elementor_670ff1a *{\n\tbox-sizing: border-box;\n}\n\n#uc_logo_card_testimonial_elementor_670ff1a .ue-image\n{\n  display:inline-flex;\n}\n\n#uc_logo_card_testimonial_elementor_670ff1a .ue-image img\n{\n  width:100%;\n  object-fit: cover;\n}\n\n#uc_logo_card_testimonial_elementor_670ff1a .ue-logo\n{\n  display:inline-block;\n}\n\n<\/style>\n\n<div class=\"ue-card\" id=\"uc_logo_card_testimonial_elementor_670ff1a\">\t\n                <div class=\"ue-text\">N3zones is a fast-growing service franchise which was looking to strengthen its position as a market-leading supplier of anti-dirt\/moisture flooring systems. N3zones was founded in Norway 1995 and now has franchisees across two countries.\n<br><br>\n\u201cWe wanted to collaborate with someone who not only had expertise in technical solutions and system integration, but also with a deep understanding of franchising and its challenges\u201d<\/div>\t\n                <div class=\"ue-title\">Dag Hognerud<\/div>\t\n                <div class=\"ue-subtitle\">CEO at N3zones<\/div>                <div class=\"ue-logo\"><img decoding=\"async\" src=\"https:\/\/chainformation.com\/wp-content\/uploads\/2024\/03\/n3zones_customer.png\" style=\"width:100%;\" ><\/div><\/div>\n<!-- end Testimonial Card -->\t\t\t\t<\/div>\n\t\t\t\t<\/div>\n\t\t\t\t<div class=\"elementor-element elementor-element-9fb563f elementor-widget elementor-widget-ucaddon_logo_card_testimonial\" data-id=\"9fb563f\" data-element_type=\"widget\" data-widget_type=\"ucaddon_logo_card_testimonial.default\">\n\t\t\t\t<div class=\"elementor-widget-container\">\n\t\t\t\t\t\n<!-- start Testimonial Card -->\n<style>\/* widget: Testimonial Card *\/\n\n#uc_logo_card_testimonial_elementor_9fb563f *{\n\tbox-sizing: border-box;\n}\n\n#uc_logo_card_testimonial_elementor_9fb563f .ue-image\n{\n  display:inline-flex;\n}\n\n#uc_logo_card_testimonial_elementor_9fb563f .ue-image img\n{\n  width:100%;\n  object-fit: cover;\n}\n\n#uc_logo_card_testimonial_elementor_9fb563f .ue-logo\n{\n  display:inline-block;\n}\n\n<\/style>\n\n<div class=\"ue-card\" id=\"uc_logo_card_testimonial_elementor_9fb563f\">\t\n                <div class=\"ue-text\">When I take a step back and think about how information flow was before \u201cJaktia World\u201d (Chainformation). Back then it was e-mails, letters, and a lot of long phone calls, completely impossible to reach out quickly and efficiently with those tools.\n<br><br>\nIn Jaktia World, we have built up our own library filled with information for all our stores.\n<br><br>\nWe quickly and easily reach selected Roles in over 90 stores in three countries and can measure the reach of all posts and shares.\n<br><br>\nAll communication from the head office to the store goes through Jaktia World. The stores also reach out to each other with requests for goods, warnings for theft gangs, etc.\n<br><br>\nCampaigns, concepts, invitations, feedback, training, information, marketing, all gathered in one place.<\/div>\t\n                <div class=\"ue-title\">Annette Johansson<\/div>\t\n                <div class=\"ue-subtitle\">Operations Manager and Store Support, JAKTIA<\/div>                <div class=\"ue-logo\"><img decoding=\"async\" src=\"https:\/\/chainformation.com\/wp-content\/uploads\/2024\/03\/Skarmbild-2024-03-28-102832-1.png\" style=\"width:100%;\" ><\/div><\/div>\n<!-- end Testimonial Card -->\t\t\t\t<\/div>\n\t\t\t\t<\/div>\n\t\t\t\t\t<\/div>\n\t\t\t\t<\/div>\n\t\t<div class=\"elementor-element elementor-element-90c8d8d e-flex e-con-boxed e-con e-child\" data-id=\"90c8d8d\" data-element_type=\"container\">\n\t\t\t\t\t<div class=\"e-con-inner\">\n\t\t\t\t<div class=\"elementor-element elementor-element-65d6e6c elementor-widget elementor-widget-ucaddon_logo_card_testimonial\" data-id=\"65d6e6c\" data-element_type=\"widget\" data-widget_type=\"ucaddon_logo_card_testimonial.default\">\n\t\t\t\t<div class=\"elementor-widget-container\">\n\t\t\t\t\t\n<!-- start Testimonial Card -->\n<style>\/* widget: Testimonial Card *\/\n\n#uc_logo_card_testimonial_elementor_65d6e6c *{\n\tbox-sizing: border-box;\n}\n\n#uc_logo_card_testimonial_elementor_65d6e6c .ue-image\n{\n  display:inline-flex;\n}\n\n#uc_logo_card_testimonial_elementor_65d6e6c .ue-image img\n{\n  width:100%;\n  object-fit: cover;\n}\n\n#uc_logo_card_testimonial_elementor_65d6e6c .ue-logo\n{\n  display:inline-block;\n}\n\n<\/style>\n\n<div class=\"ue-card\" id=\"uc_logo_card_testimonial_elementor_65d6e6c\">\t\n                <div class=\"ue-text\">With 3 different restaurant brands and 160+ locations over Europe, Asia and Middle East in the Social Eatertainment Group portfolio, the aspect of fluent internal communication is very important for us.\n<br><br>\n\u201cWe have been working with Chainformation since 2003, but this platform is so much more than just a communication channel. It also helps us to simplify and streamline daily operations at our venues, become more efficient in operational support and quality assurance within all our brands.\u201d<\/div>\t\n                <div class=\"ue-title\">Rasa Jonyte<\/div>\t\n                <div class=\"ue-subtitle\">Project & Operations Support Manager<\/div>                <div class=\"ue-logo\"><img decoding=\"async\" src=\"https:\/\/chainformation.com\/wp-content\/uploads\/2024\/03\/olearys-logga.png\" style=\"width:100%;\" ><\/div><\/div>\n<!-- end Testimonial Card -->\t\t\t\t<\/div>\n\t\t\t\t<\/div>\n\t\t\t\t<div class=\"elementor-element elementor-element-9522cfa elementor-widget elementor-widget-ucaddon_logo_card_testimonial\" data-id=\"9522cfa\" data-element_type=\"widget\" data-widget_type=\"ucaddon_logo_card_testimonial.default\">\n\t\t\t\t<div class=\"elementor-widget-container\">\n\t\t\t\t\t\n<!-- start Testimonial Card -->\n<style>\/* widget: Testimonial Card *\/\n\n#uc_logo_card_testimonial_elementor_9522cfa *{\n\tbox-sizing: border-box;\n}\n\n#uc_logo_card_testimonial_elementor_9522cfa .ue-image\n{\n  display:inline-flex;\n}\n\n#uc_logo_card_testimonial_elementor_9522cfa .ue-image img\n{\n  width:100%;\n  object-fit: cover;\n}\n\n#uc_logo_card_testimonial_elementor_9522cfa .ue-logo\n{\n  display:inline-block;\n}\n\n<\/style>\n\n<div class=\"ue-card\" id=\"uc_logo_card_testimonial_elementor_9522cfa\">\t\n                <div class=\"ue-text\">Right from the beginning, it felt important that our organization had a communication platform where we can easily share common information and that we can quickly and easily reach out to everyone in the organization. Via, among other things, Chainformation's chat function, we have a constant flow of questions, requests or feedback. Another feature that we see great benefit from is the checklists that we have created to ensure in a controlled and thorough way that all our facilities work according to our concept. In the platform, we also share our common documents, templates and data.\n<br><br>\nWe feel that we are world leaders in our industry and work hard to develop golf both Indoor and Range. Therefore, we are keen to convey and strengthen our unique concept in service, knowledge and competence. Through our posts about events, local events and internal communication, we strengthen our brand both internally, and in a second way, externally.\n<br><br>\nTo easily follow our employees and their work, we use Chainformation's statistics where we can quickly provide support or help where needed. Via Chainformation and our strong concept, we can deliver the customer experience that leads development and changes golf forever.<\/div>\t\n                <div class=\"ue-title\">Sofia Tegelman<\/div>\t\n                <div class=\"ue-subtitle\">Franchise manager, RUFF Golf<\/div>                <div class=\"ue-logo\"><img decoding=\"async\" src=\"https:\/\/chainformation.com\/wp-content\/uploads\/2024\/03\/ruff-profile.png\" style=\"width:100%;\" ><\/div><\/div>\n<!-- end Testimonial Card -->\t\t\t\t<\/div>\n\t\t\t\t<\/div>\n\t\t\t\t\t<\/div>\n\t\t\t\t<\/div>\n\t\t\t\t\t<\/div>\n\t\t\t\t<\/div>\n\t\t\t\t<\/div>","protected":false},"excerpt":{"rendered":"<p>Customer Stories The Nordic region\u2019s largest specialist retailer for paint, home fixing and professional services, Colorama with its 170 local stores requires clear internal communications, transparency and fast store support. The Colorama chain was formed in early 2007 after the merger of the two market leading brands. \u201cWe needed an intelligent software platform that facilitated [&hellip;]<\/p>","protected":false},"author":4,"featured_media":0,"parent":0,"menu_order":0,"comment_status":"closed","ping_status":"closed","template":"","meta":{"footnotes":""},"class_list":["post-1795","page","type-page","status-publish","hentry"],"_links":{"self":[{"href":"https:\/\/chainformation.com\/sv\/wp-json\/wp\/v2\/pages\/1795","targetHints":{"allow":["GET"]}}],"collection":[{"href":"https:\/\/chainformation.com\/sv\/wp-json\/wp\/v2\/pages"}],"about":[{"href":"https:\/\/chainformation.com\/sv\/wp-json\/wp\/v2\/types\/page"}],"author":[{"embeddable":true,"href":"https:\/\/chainformation.com\/sv\/wp-json\/wp\/v2\/users\/4"}],"replies":[{"embeddable":true,"href":"https:\/\/chainformation.com\/sv\/wp-json\/wp\/v2\/comments?post=1795"}],"version-history":[{"count":19,"href":"https:\/\/chainformation.com\/sv\/wp-json\/wp\/v2\/pages\/1795\/revisions"}],"predecessor-version":[{"id":2063,"href":"https:\/\/chainformation.com\/sv\/wp-json\/wp\/v2\/pages\/1795\/revisions\/2063"}],"wp:attachment":[{"href":"https:\/\/chainformation.com\/sv\/wp-json\/wp\/v2\/media?parent=1795"}],"curies":[{"name":"wp","href":"https:\/\/api.w.org\/{rel}","templated":true}]}}