{"id":2373,"date":"2024-05-31T06:48:23","date_gmt":"2024-05-31T06:48:23","guid":{"rendered":"https:\/\/chainformation.com\/?page_id=2373"},"modified":"2025-10-23T14:47:20","modified_gmt":"2025-10-23T13:47:20","slug":"14-day-free-trial","status":"publish","type":"page","link":"https:\/\/chainformation.com\/sv\/14-day-free-trial\/","title":{"rendered":"14 day free trial"},"content":{"rendered":"<div data-elementor-type=\"wp-page\" data-elementor-id=\"2373\" class=\"elementor elementor-2373\" data-elementor-post-type=\"page\">\n\t\t\t\t<div class=\"elementor-element elementor-element-8f8cf13 e-flex e-con-boxed e-con e-parent\" data-id=\"8f8cf13\" data-element_type=\"container\" data-settings=\"{&quot;background_background&quot;:&quot;classic&quot;}\">\n\t\t\t\t\t<div class=\"e-con-inner\">\n\t\t\t\t<div class=\"elementor-element elementor-element-089e587 elementor-widget elementor-widget-heading\" data-id=\"089e587\" data-element_type=\"widget\" data-widget_type=\"heading.default\">\n\t\t\t\t<div class=\"elementor-widget-container\">\n\t\t\t\t\t<h1 class=\"elementor-heading-title elementor-size-default\">Starta en gratis 14-dagars testperiod<\/h1>\t\t\t\t<\/div>\n\t\t\t\t<\/div>\n\t\t\t\t<div class=\"elementor-element elementor-element-70e6b51 elementor-widget elementor-widget-heading\" data-id=\"70e6b51\" data-element_type=\"widget\" data-widget_type=\"heading.default\">\n\t\t\t\t<div class=\"elementor-widget-container\">\n\t\t\t\t\t<h2 class=\"elementor-heading-title elementor-size-default\">Funderar du p\u00e5 hur ni skall klara av att komma ig\u00e5ng? Vi visar hur enklet det \u00e4r i en 15 min. demo.<\/h2>\t\t\t\t<\/div>\n\t\t\t\t<\/div>\n\t\t\t\t<div class=\"elementor-element elementor-element-7cc06d1 elementor-widget__width-inherit elementor-widget elementor-widget-heading\" data-id=\"7cc06d1\" data-element_type=\"widget\" data-widget_type=\"heading.default\">\n\t\t\t\t<div class=\"elementor-widget-container\">\n\t\t\t\t\t<p class=\"elementor-heading-title elementor-size-default\">F\u00f6r dig som driver 3 eller fler enheter\/restauranger\/butiker etc erbjuder vi en helt gratis test av en komplett Chainformation. Alla funktioner, inga begr\u00e4nsningar - och vi s\u00e4tter er \"branding\" p\u00e5 den. <br> <br> Vi har f\u00e4rdiga mallar och mycket inneh\u00e5ll s\u00e5 det \u00e4r enkelt att komma ig\u00e5ng.<\/p>\t\t\t\t<\/div>\n\t\t\t\t<\/div>\n\t\t\t\t<div class=\"elementor-element elementor-element-e144718 elementor-widget-divider--view-line elementor-widget elementor-widget-divider\" data-id=\"e144718\" data-element_type=\"widget\" data-widget_type=\"divider.default\">\n\t\t\t\t<div class=\"elementor-widget-container\">\n\t\t\t\t\t\t\t<div class=\"elementor-divider\">\n\t\t\t<span class=\"elementor-divider-separator\">\n\t\t\t\t\t\t<\/span>\n\t\t<\/div>\n\t\t\t\t\t\t<\/div>\n\t\t\t\t<\/div>\n\t\t\t\t<div class=\"elementor-element elementor-element-e77b159 elementor-button-align-end elementor-widget elementor-widget-form\" data-id=\"e77b159\" data-element_type=\"widget\" data-settings=\"{&quot;step_next_label&quot;:&quot;Next&quot;,&quot;step_previous_label&quot;:&quot;Previous&quot;,&quot;button_width&quot;:&quot;100&quot;,&quot;step_type&quot;:&quot;number_text&quot;,&quot;step_icon_shape&quot;:&quot;circle&quot;}\" data-widget_type=\"form.default\">\n\t\t\t\t<div class=\"elementor-widget-container\">\n\t\t\t\t\t\t\t<form class=\"elementor-form\" method=\"post\" name=\"14 day trial form\" action=\"\">\n\t\t\t<input type=\"hidden\" name=\"post_id\" value=\"2373\"\/>\n\t\t\t<input type=\"hidden\" name=\"form_id\" value=\"e77b159\"\/>\n\t\t\t<input type=\"hidden\" name=\"referer_title\" value=\"\" \/>\n\n\t\t\t\n\t\t\t<div class=\"elementor-form-fields-wrapper elementor-labels-above\">\n\t\t\t\t\t\t\t\t<div class=\"elementor-field-type-text elementor-field-group elementor-column elementor-field-group-name elementor-col-50\">\n\t\t\t\t\t\t\t\t\t\t\t\t<label for=\"form-field-name\" class=\"elementor-field-label\">\n\t\t\t\t\t\t\t\tNamn\t\t\t\t\t\t\t<\/label>\n\t\t\t\t\t\t\t\t\t\t\t\t\t\t<input size=\"1\" type=\"text\" name=\"form_fields[name]\" id=\"form-field-name\" class=\"elementor-field elementor-size-sm  elementor-field-textual\" placeholder=\"John Doe\">\n\t\t\t\t\t\t\t\t\t\t\t<\/div>\n\t\t\t\t\t\t\t\t<div class=\"elementor-field-type-text elementor-field-group elementor-column elementor-field-group-field_e6cab36 elementor-col-50\">\n\t\t\t\t\t\t\t\t\t\t\t\t<label for=\"form-field-field_e6cab36\" class=\"elementor-field-label\">\n\t\t\t\t\t\t\t\tF\u00f6retagsnamn\t\t\t\t\t\t\t<\/label>\n\t\t\t\t\t\t\t\t\t\t\t\t\t\t<input size=\"1\" type=\"text\" name=\"form_fields[field_e6cab36]\" id=\"form-field-field_e6cab36\" class=\"elementor-field elementor-size-sm  elementor-field-textual\" placeholder=\"John Doe Inc.\">\n\t\t\t\t\t\t\t\t\t\t\t<\/div>\n\t\t\t\t\t\t\t\t<div class=\"elementor-field-type-select elementor-field-group elementor-column elementor-field-group-field_b8e266e elementor-col-33\">\n\t\t\t\t\t\t\t\t\t\t\t\t<label for=\"form-field-field_b8e266e\" class=\"elementor-field-label\">\n\t\t\t\t\t\t\t\tBransch\t\t\t\t\t\t\t<\/label>\n\t\t\t\t\t\t\t\t<div class=\"elementor-field elementor-select-wrapper remove-before\">\n\t\t\t<div class=\"select-caret-down-wrapper\">\n\t\t\t\t<svg aria-hidden=\"true\" class=\"e-font-icon-svg e-eicon-caret-down\" viewbox=\"0 0 571.4 571.4\" xmlns=\"http:\/\/www.w3.org\/2000\/svg\"><path d=\"M571 393Q571 407 561 418L311 668Q300 679 286 679T261 668L11 418Q0 407 0 393T11 368 36 357H536Q550 357 561 368T571 393Z\"><\/path><\/svg>\t\t\t<\/div>\n\t\t\t<select name=\"form_fields[field_b8e266e]\" id=\"form-field-field_b8e266e\" class=\"elementor-field-textual elementor-size-sm\">\n\t\t\t\t\t\t\t\t\t<option value=\"Choose Industry\">V\u00e4lj bransch<\/option>\n\t\t\t\t\t\t\t\t\t<option value=\"Restaurant\">Restaurang\/Caf\u00e9<\/option>\n\t\t\t\t\t\t\t\t\t<option value=\"Gym \/ Fitness\">Gym \/ Fitness<\/option>\n\t\t\t\t\t\t\t\t\t<option value=\"Hospitality\">Hotell, Spa &amp; Camping<\/option>\n\t\t\t\t\t\t\t\t\t<option value=\"Retail \">Retail\/Butik <\/option>\n\t\t\t\t\t\t\t\t\t<option value=\"Other \">Annat <\/option>\n\t\t\t\t\t\t\t\t\t<option value=\"\"><\/option>\n\t\t\t\t\t\t\t<\/select>\n\t\t<\/div>\n\t\t\t\t\t\t<\/div>\n\t\t\t\t\t\t\t\t<div class=\"elementor-field-type-tel elementor-field-group elementor-column elementor-field-group-field_5563515 elementor-col-33\">\n\t\t\t\t\t\t\t\t\t\t\t\t<label for=\"form-field-field_5563515\" class=\"elementor-field-label\">\n\t\t\t\t\t\t\t\tTelefon\t\t\t\t\t\t\t<\/label>\n\t\t\t\t\t\t\t\t<input size=\"1\" type=\"tel\" name=\"form_fields[field_5563515]\" id=\"form-field-field_5563515\" class=\"elementor-field elementor-size-sm  elementor-field-textual\" placeholder=\"0123456789\" pattern=\"[0-9()#&amp;+*-=.]+\" title=\"Endast siffror och telefontecken (#, -, *, etc) accepteras.\">\n\n\t\t\t\t\t\t<\/div>\n\t\t\t\t\t\t\t\t<div class=\"elementor-field-type-email elementor-field-group elementor-column elementor-field-group-email elementor-col-33 elementor-field-required\">\n\t\t\t\t\t\t\t\t\t\t\t\t<label for=\"form-field-email\" class=\"elementor-field-label\">\n\t\t\t\t\t\t\t\tEpost\t\t\t\t\t\t\t<\/label>\n\t\t\t\t\t\t\t\t\t\t\t\t\t\t<input size=\"1\" type=\"email\" name=\"form_fields[email]\" id=\"form-field-email\" class=\"elementor-field elementor-size-sm  elementor-field-textual\" placeholder=\"namn@bolaget.se\" required=\"required\">\n\t\t\t\t\t\t\t\t\t\t\t<\/div>\n\t\t\t\t\t\t\t\t<div class=\"elementor-field-type-textarea elementor-field-group elementor-column elementor-field-group-message elementor-col-100\">\n\t\t\t\t\t\t\t\t\t\t\t\t<label for=\"form-field-message\" class=\"elementor-field-label\">\n\t\t\t\t\t\t\t\tHur m\u00e5nga driftsenheter har ni idag?\t\t\t\t\t\t\t<\/label>\n\t\t\t\t\t\t<textarea class=\"elementor-field-textual elementor-field  elementor-size-sm\" name=\"form_fields[message]\" id=\"form-field-message\" rows=\"6\" placeholder=\"Fr\u00e5gor? L\u00e4gg g\u00e4rna till dem h\u00e4r.\"><\/textarea>\t\t\t\t<\/div>\n\t\t\t\t\t\t\t\t<div class=\"elementor-field-type-recaptcha_v3 elementor-field-group elementor-column elementor-field-group-field_342ffae elementor-col-100 recaptcha_v3-bottomright\">\n\t\t\t\t\t<div class=\"elementor-field\" id=\"form-field-field_342ffae\"><div class=\"elementor-g-recaptcha\" data-sitekey=\"6LezvKcpAAAAAC7mOoE3ThtlVspUe6DV-0y439bI\" data-type=\"v3\" data-action=\"Form\" data-badge=\"bottomright\" data-size=\"invisible\"><\/div><\/div>\t\t\t\t<\/div>\n\t\t\t\t\t\t\t\t<div class=\"elementor-field-group elementor-column elementor-field-type-submit elementor-col-100 e-form__buttons\">\n\t\t\t\t\t<button class=\"elementor-button elementor-size-sm\" type=\"submit\">\n\t\t\t\t\t\t<span class=\"elementor-button-content-wrapper\">\n\t\t\t\t\t\t\t\t\t\t\t\t\t\t\t<span class=\"elementor-button-icon\">\n\t\t\t\t\t\t\t\t\t<i aria-hidden=\"true\" class=\"far fa-caret-right\"><\/i>\t\t\t\t\t\t\t\t\t\t\t\t\t\t\t\t\t<\/span>\n\t\t\t\t\t\t\t\t\t\t\t\t\t\t\t\t\t\t\t\t\t\t<span class=\"elementor-button-text\">Starta provperiod!<\/span>\n\t\t\t\t\t\t\t\t\t\t\t\t\t<\/span>\n\t\t\t\t\t<\/button>\n\t\t\t\t<\/div>\n\t\t\t<\/div>\n\t\t<input type=\"hidden\" name=\"trp-form-language\" value=\"sv\"\/><\/form>\n\t\t\t\t\t\t<\/div>\n\t\t\t\t<\/div>\n\t\t\t\t\t<\/div>\n\t\t\t\t<\/div>\n\t\t<div class=\"elementor-element elementor-element-06ba07e e-grid e-con-boxed e-con e-parent\" data-id=\"06ba07e\" data-element_type=\"container\" data-settings=\"{&quot;background_background&quot;:&quot;classic&quot;}\">\n\t\t\t\t\t<div class=\"e-con-inner\">\n\t\t<div class=\"elementor-element elementor-element-f3cb1a3 e-con-full e-flex e-con e-child\" data-id=\"f3cb1a3\" data-element_type=\"container\" data-settings=\"{&quot;background_background&quot;:&quot;classic&quot;}\">\n\t\t\t\t<div class=\"elementor-element elementor-element-beab389 elementor-widget elementor-widget-heading\" data-id=\"beab389\" data-element_type=\"widget\" data-widget_type=\"heading.default\">\n\t\t\t\t<div class=\"elementor-widget-container\">\n\t\t\t\t\t<h2 class=\"elementor-heading-title elementor-size-default\">Utmaningar du k\u00e4nner igen\n<\/h2>\t\t\t\t<\/div>\n\t\t\t\t<\/div>\n\t\t\t\t<div class=\"elementor-element elementor-element-2b3f80c elementor-widget elementor-widget-text-editor\" data-id=\"2b3f80c\" data-element_type=\"widget\" data-widget_type=\"text-editor.default\">\n\t\t\t\t<div class=\"elementor-widget-container\">\n\t\t\t\t\t\t\t\t\t<p>Som \u00e4gare, vision\u00e4r eller en del av ledningen har du en tydlig m\u00e5lbild och h\u00f6ga krav p\u00e5 ditt varum\u00e4rke.\nDu lovar n\u00e5got till dina kunder \u2013 men <b>vet<\/b> du verkligen om varje enhet levererar p\u00e5 det l\u00f6ftet?<\/p>\t\t\t\t\t\t\t\t<\/div>\n\t\t\t\t<\/div>\n\t\t\t\t<div class=\"elementor-element elementor-element-3aff7f5 elementor-icon-list--layout-traditional elementor-list-item-link-full_width elementor-widget elementor-widget-icon-list\" data-id=\"3aff7f5\" data-element_type=\"widget\" data-widget_type=\"icon-list.default\">\n\t\t\t\t<div class=\"elementor-widget-container\">\n\t\t\t\t\t\t\t<ul class=\"elementor-icon-list-items\">\n\t\t\t\t\t\t\t<li class=\"elementor-icon-list-item\">\n\t\t\t\t\t\t\t\t\t\t\t<span class=\"elementor-icon-list-icon\">\n\t\t\t\t\t\t\t<i aria-hidden=\"true\" class=\"fas fa-chevron-square-right\"><\/i>\t\t\t\t\t\t<\/span>\n\t\t\t\t\t\t\t\t\t\t<span class=\"elementor-icon-list-text\"><strong style=\"font-weight:600;font-size:20px\">F\u00f6ljer man rutiner och h\u00e5ller kvalitet p\u00e5 varje enhet?<\/strong><\/span>\n\t\t\t\t\t\t\t\t\t<\/li>\n\t\t\t\t\t\t\t\t<li class=\"elementor-icon-list-item\">\n\t\t\t\t\t\t\t\t\t\t\t<span class=\"elementor-icon-list-icon\">\n\t\t\t\t\t\t\t<i aria-hidden=\"true\" class=\"fas fa-chevron-square-right\"><\/i>\t\t\t\t\t\t<\/span>\n\t\t\t\t\t\t\t\t\t\t<span class=\"elementor-icon-list-text\"><strong style=\"font-weight:600;font-size:20px\">Har du insyn och \u00f6verblick p\u00e5 den dagliga driften i hela kedjan?<\/span>\n\t\t\t\t\t\t\t\t\t<\/li>\n\t\t\t\t\t\t\t\t<li class=\"elementor-icon-list-item\">\n\t\t\t\t\t\t\t\t\t\t\t<span class=\"elementor-icon-list-icon\">\n\t\t\t\t\t\t\t<i aria-hidden=\"true\" class=\"fas fa-chevron-square-right\"><\/i>\t\t\t\t\t\t<\/span>\n\t\t\t\t\t\t\t\t\t\t<span class=\"elementor-icon-list-text\"><strong style=\"font-weight:600;font-size:20px\">Finns det ett glapp mellan din vision och vad kunder faktiskt upplever?<\/span>\n\t\t\t\t\t\t\t\t\t<\/li>\n\t\t\t\t\t\t<\/ul>\n\t\t\t\t\t\t<\/div>\n\t\t\t\t<\/div>\n\t\t\t\t<div class=\"elementor-element elementor-element-57fece8 elementor-widget elementor-widget-text-editor\" data-id=\"57fece8\" data-element_type=\"widget\" data-widget_type=\"text-editor.default\">\n\t\t\t\t<div class=\"elementor-widget-container\">\n\t\t\t\t\t\t\t\t\t<p>Utan r\u00e4tt verktyg \u00e4r det sv\u00e5rt att veta om allt du f\u00f6rv\u00e4ntar dig verkligen blir gjort. N\u00e4r rutiner brister , m\u00e4rks det \u2013 framf\u00f6r allt f\u00f6r kunden. Brist p\u00e5 kontroll urholkar f\u00f6rtroendet f\u00f6r ditt varum\u00e4rke och det skapar mycket on\u00f6digt arbete.<\/p>\t\t\t\t\t\t\t\t<\/div>\n\t\t\t\t<\/div>\n\t\t\t\t<\/div>\n\t\t<div class=\"elementor-element elementor-element-7fdd85c e-con-full e-flex e-con e-child\" data-id=\"7fdd85c\" data-element_type=\"container\" data-settings=\"{&quot;background_background&quot;:&quot;classic&quot;}\">\n\t\t\t\t<div class=\"elementor-element elementor-element-212b8f2 elementor-widget elementor-widget-heading\" data-id=\"212b8f2\" data-element_type=\"widget\" data-widget_type=\"heading.default\">\n\t\t\t\t<div class=\"elementor-widget-container\">\n\t\t\t\t\t<h2 class=\"elementor-heading-title elementor-size-default\">L\u00f6sningen du beh\u00f6ver<\/h2>\t\t\t\t<\/div>\n\t\t\t\t<\/div>\n\t\t\t\t<div class=\"elementor-element elementor-element-75daa65 elementor-widget elementor-widget-text-editor\" data-id=\"75daa65\" data-element_type=\"widget\" data-widget_type=\"text-editor.default\">\n\t\t\t\t<div class=\"elementor-widget-container\">\n\t\t\t\t\t\t\t\t\t<p>Chainformation fyller gapet mellan din vision och kundens upplevelse. Med v\u00e5r app \u00e4r det enkelt att kommunicera vad som g\u00e4ller \u2013 och att f\u00f6lja upp att rutinerna verkligen genomf\u00f6rs, varje dag, p\u00e5 varje arbetsplats.<\/p>\t\t\t\t\t\t\t\t<\/div>\n\t\t\t\t<\/div>\n\t\t\t\t<div class=\"elementor-element elementor-element-b9e879d elementor-icon-list--layout-traditional elementor-list-item-link-full_width elementor-widget elementor-widget-icon-list\" data-id=\"b9e879d\" data-element_type=\"widget\" data-widget_type=\"icon-list.default\">\n\t\t\t\t<div class=\"elementor-widget-container\">\n\t\t\t\t\t\t\t<ul class=\"elementor-icon-list-items\">\n\t\t\t\t\t\t\t<li class=\"elementor-icon-list-item\">\n\t\t\t\t\t\t\t\t\t\t\t<span class=\"elementor-icon-list-icon\">\n\t\t\t\t\t\t\t<i aria-hidden=\"true\" class=\"fas fa-chevron-square-right\"><\/i>\t\t\t\t\t\t<\/span>\n\t\t\t\t\t\t\t\t\t\t<span class=\"elementor-icon-list-text\"><strong style=\"font-weight:600;font-size:20px\">Tydlig intern kommunikation<\/strong><br>  Ledning och managers kan snabbt dela information och m\u00e5ls\u00e4ttningar s\u00e5 alla vet vad som f\u00f6rv\u00e4ntas - och f\u00e5 l\u00e4skvittens.<\/span>\n\t\t\t\t\t\t\t\t\t<\/li>\n\t\t\t\t\t\t\t\t<li class=\"elementor-icon-list-item\">\n\t\t\t\t\t\t\t\t\t\t\t<span class=\"elementor-icon-list-icon\">\n\t\t\t\t\t\t\t<i aria-hidden=\"true\" class=\"fas fa-chevron-square-right\"><\/i>\t\t\t\t\t\t<\/span>\n\t\t\t\t\t\t\t\t\t\t<span class=\"elementor-icon-list-text\"><strong style=\"font-weight:600;font-size:20px\">Snabb och enkel on-boarding av nya medarbetare<\/strong><br> Ge nya i teamet en trygg start med r\u00e4tt instruktioner f\u00f6r varje skift, i appen, precis n\u00e4r de beh\u00f6vs. Chainformation g\u00f6r onboarding enkel i verkligheten, inte bara p\u00e5 pappret.<\/span>\n\t\t\t\t\t\t\t\t\t<\/li>\n\t\t\t\t\t\t\t\t<li class=\"elementor-icon-list-item\">\n\t\t\t\t\t\t\t\t\t\t\t<span class=\"elementor-icon-list-icon\">\n\t\t\t\t\t\t\t<i aria-hidden=\"true\" class=\"fas fa-chevron-square-right\"><\/i>\t\t\t\t\t\t<\/span>\n\t\t\t\t\t\t\t\t\t\t<span class=\"elementor-icon-list-text\"><strong style=\"font-weight:600;font-size:20px\">Konsekvent genomf\u00f6rande:<\/strong><br> N\u00e4r all personal delar samma manualer, rutiner och har sina dagliga uppgifter direkt i en app - d\u00e5 fungerar allt helt enkelt mycket b\u00e4ttre varje dag.<\/span>\n\t\t\t\t\t\t\t\t\t<\/li>\n\t\t\t\t\t\t\t\t<li class=\"elementor-icon-list-item\">\n\t\t\t\t\t\t\t\t\t\t\t<span class=\"elementor-icon-list-icon\">\n\t\t\t\t\t\t\t<i aria-hidden=\"true\" class=\"fas fa-chevron-square-right\"><\/i>\t\t\t\t\t\t<\/span>\n\t\t\t\t\t\t\t\t\t\t<span class=\"elementor-icon-list-text\"><strong style=\"font-weight:600;font-size:20px\">Rapporter i realtid:<\/strong><br> Du och dina managers f\u00e5r direkta rapporter och sammanst\u00e4llningar p\u00e5 vad som blivit gjort, vad som missats och var det finns problem att f\u00f6lja upp.<\/span>\n\t\t\t\t\t\t\t\t\t<\/li>\n\t\t\t\t\t\t<\/ul>\n\t\t\t\t\t\t<\/div>\n\t\t\t\t<\/div>\n\t\t\t\t<div class=\"elementor-element elementor-element-65c3215 elementor-widget elementor-widget-text-editor\" data-id=\"65c3215\" data-element_type=\"widget\" data-widget_type=\"text-editor.default\">\n\t\t\t\t<div class=\"elementor-widget-container\">\n\t\t\t\t\t\t\t\t\t<p>Med Chainformation kan du vara trygg i att det du lovar dina kunder ocks\u00e5 \u00e4r det de faktiskt upplever.\nDet leder till f\u00e4rre klagom\u00e5l, starkare rykte, mindre frustration \u2013 och mer lugn och kontroll f\u00f6r dig.<\/p><p><strong>L\u00e5t inte os\u00e4kerhet och gissningar komma mellan dig och era kunder.<\/strong><\/p>\t\t\t\t\t\t\t\t<\/div>\n\t\t\t\t<\/div>\n\t\t\t\t<\/div>\n\t\t\t\t\t<\/div>\n\t\t\t\t<\/div>\n\t\t<div class=\"elementor-element elementor-element-afe8840 e-flex e-con-boxed e-con e-parent\" data-id=\"afe8840\" data-element_type=\"container\" data-settings=\"{&quot;background_background&quot;:&quot;classic&quot;}\">\n\t\t\t\t\t<div class=\"e-con-inner\">\n\t\t<div class=\"elementor-element elementor-element-46ee1da e-grid e-con-full e-con e-child\" data-id=\"46ee1da\" data-element_type=\"container\">\n\t\t\t\t<div class=\"elementor-element elementor-element-6885282 elementor-widget elementor-widget-image\" data-id=\"6885282\" data-element_type=\"widget\" data-widget_type=\"image.default\">\n\t\t\t\t<div class=\"elementor-widget-container\">\n\t\t\t\t\t\t\t\t\t\t\t\t\t\t\t<img fetchpriority=\"high\" decoding=\"async\" width=\"666\" height=\"1440\" src=\"https:\/\/chainformation.com\/wp-content\/uploads\/2024\/11\/2.jpg\" class=\"attachment-medium_large size-medium_large wp-image-2972\" alt=\"\" srcset=\"https:\/\/chainformation.com\/wp-content\/uploads\/2024\/11\/2.jpg 666w, https:\/\/chainformation.com\/wp-content\/uploads\/2024\/11\/2-139x300.jpg 139w, https:\/\/chainformation.com\/wp-content\/uploads\/2024\/11\/2-474x1024.jpg 474w, https:\/\/chainformation.com\/wp-content\/uploads\/2024\/11\/2-6x12.jpg 6w\" sizes=\"(max-width: 666px) 100vw, 666px\" \/>\t\t\t\t\t\t\t\t\t\t\t\t\t\t\t<\/div>\n\t\t\t\t<\/div>\n\t\t\t\t<div class=\"elementor-element elementor-element-8c3fb74 elementor-widget elementor-widget-image\" data-id=\"8c3fb74\" data-element_type=\"widget\" data-widget_type=\"image.default\">\n\t\t\t\t<div class=\"elementor-widget-container\">\n\t\t\t\t\t\t\t\t\t\t\t\t\t\t\t<img decoding=\"async\" width=\"474\" height=\"1024\" src=\"https:\/\/chainformation.com\/wp-content\/uploads\/2024\/11\/1-474x1024.jpg\" class=\"attachment-large size-large wp-image-2973\" alt=\"\" srcset=\"https:\/\/chainformation.com\/wp-content\/uploads\/2024\/11\/1-474x1024.jpg 474w, https:\/\/chainformation.com\/wp-content\/uploads\/2024\/11\/1-139x300.jpg 139w, https:\/\/chainformation.com\/wp-content\/uploads\/2024\/11\/1-6x12.jpg 6w, https:\/\/chainformation.com\/wp-content\/uploads\/2024\/11\/1.jpg 666w\" sizes=\"(max-width: 474px) 100vw, 474px\" \/>\t\t\t\t\t\t\t\t\t\t\t\t\t\t\t<\/div>\n\t\t\t\t<\/div>\n\t\t<div class=\"elementor-element elementor-element-56a31b6 e-flex e-con-boxed e-con e-child\" data-id=\"56a31b6\" data-element_type=\"container\">\n\t\t\t\t\t<div class=\"e-con-inner\">\n\t\t\t\t<div class=\"elementor-element elementor-element-732fdf5 elementor-widget elementor-widget-heading\" data-id=\"732fdf5\" data-element_type=\"widget\" data-widget_type=\"heading.default\">\n\t\t\t\t<div class=\"elementor-widget-container\">\n\t\t\t\t\t<h1 class=\"elementor-heading-title elementor-size-default\">Vad kunder s\u00e4ger:<\/h1>\t\t\t\t<\/div>\n\t\t\t\t<\/div>\n\t\t<div class=\"elementor-element elementor-element-361ffe2 e-con-full e-flex e-con e-child\" data-id=\"361ffe2\" data-element_type=\"container\">\n\t\t<div class=\"elementor-element elementor-element-1e1ef2b e-con-full e-flex e-con e-child\" data-id=\"1e1ef2b\" data-element_type=\"container\">\n\t\t\t\t<div class=\"elementor-element elementor-element-48f03ac elementor-widget elementor-widget-text-editor\" data-id=\"48f03ac\" data-element_type=\"widget\" data-widget_type=\"text-editor.default\">\n\t\t\t\t<div class=\"elementor-widget-container\">\n\t\t\t\t\t\t\t\t\t<p>\"Chainformation \u2013 Ett ov\u00e4rderligt verktyg i v\u00e5r vardag\"<br>\n\nVi anv\u00e4nder Chainformation p\u00e5 v\u00e5ra 12 Funplays aktivitetsparker i Sverige, Danmark och Norge och vi \u00e4r v\u00e4ldigt n\u00f6jda av hur mycket systemet underl\u00e4ttar v\u00e5rt dagliga arbete. Det hj\u00e4lper oss att kvalitetss\u00e4kra, f\u00f6lja upp rutiner och genomf\u00f6ra s\u00e4kerhetscheckar p\u00e5 ett smidigt och \u00f6versk\u00e5dligt s\u00e4tt.<\/p>\t\t\t\t\t\t\t\t<\/div>\n\t\t\t\t<\/div>\n\t\t\t\t<div class=\"elementor-element elementor-element-adc933f elementor-widget elementor-widget-heading\" data-id=\"adc933f\" data-element_type=\"widget\" data-widget_type=\"heading.default\">\n\t\t\t\t<div class=\"elementor-widget-container\">\n\t\t\t\t\t<h2 class=\"elementor-heading-title elementor-size-default\">Sylvia Literska - Operations Manager @ FunPlays<\/h2>\t\t\t\t<\/div>\n\t\t\t\t<\/div>\n\t\t\t\t<div class=\"elementor-element elementor-element-4fb64f5 elementor-widget__width-auto elementor-absolute elementor-view-default elementor-widget elementor-widget-icon\" data-id=\"4fb64f5\" data-element_type=\"widget\" data-settings=\"{&quot;_position&quot;:&quot;absolute&quot;}\" data-widget_type=\"icon.default\">\n\t\t\t\t<div class=\"elementor-widget-container\">\n\t\t\t\t\t\t\t<div class=\"elementor-icon-wrapper\">\n\t\t\t<div class=\"elementor-icon\">\n\t\t\t<svg aria-hidden=\"true\" class=\"e-font-icon-svg e-fas-quote-left\" viewbox=\"0 0 512 512\" xmlns=\"http:\/\/www.w3.org\/2000\/svg\"><path d=\"M464 256h-80v-64c0-35.3 28.7-64 64-64h8c13.3 0 24-10.7 24-24V56c0-13.3-10.7-24-24-24h-8c-88.4 0-160 71.6-160 160v240c0 26.5 21.5 48 48 48h128c26.5 0 48-21.5 48-48V304c0-26.5-21.5-48-48-48zm-288 0H96v-64c0-35.3 28.7-64 64-64h8c13.3 0 24-10.7 24-24V56c0-13.3-10.7-24-24-24h-8C71.6 32 0 103.6 0 192v240c0 26.5 21.5 48 48 48h128c26.5 0 48-21.5 48-48V304c0-26.5-21.5-48-48-48z\"><\/path><\/svg>\t\t\t<\/div>\n\t\t<\/div>\n\t\t\t\t\t\t<\/div>\n\t\t\t\t<\/div>\n\t\t\t\t<\/div>\n\t\t<div class=\"elementor-element elementor-element-2f00c39 e-con-full e-flex e-con e-child\" data-id=\"2f00c39\" data-element_type=\"container\">\n\t\t\t\t<div class=\"elementor-element elementor-element-990b79f elementor-widget elementor-widget-text-editor\" data-id=\"990b79f\" data-element_type=\"widget\" data-widget_type=\"text-editor.default\">\n\t\t\t\t<div class=\"elementor-widget-container\">\n\t\t\t\t\t\t\t\t\t<p>O'Learys Group har anv\u00e4nt Chainformation-plattformen sedan 2003. <br>\nRasa Jonyte f\u00f6rklarar: \"Denna plattform \u00e4r s\u00e5 mycket mer \u00e4n bara en kommunikationskanal. Den hj\u00e4lper oss ocks\u00e5 att f\u00f6renkla och effektivisera den dagliga driften p\u00e5 v\u00e5ra 150+ anl\u00e4ggningar, och blir mer effektiva i operativt st\u00f6d och kvalitetskontroll inom v\u00e5ra olika varum\u00e4rken.\"<\/p>\t\t\t\t\t\t\t\t<\/div>\n\t\t\t\t<\/div>\n\t\t\t\t<div class=\"elementor-element elementor-element-760a578 elementor-widget elementor-widget-heading\" data-id=\"760a578\" data-element_type=\"widget\" data-widget_type=\"heading.default\">\n\t\t\t\t<div class=\"elementor-widget-container\">\n\t\t\t\t\t<h2 class=\"elementor-heading-title elementor-size-default\">Rasa Jonyte - Project &amp; Operations Support Manager at\u00a0O'Learys\u00a0Group<\/h2>\t\t\t\t<\/div>\n\t\t\t\t<\/div>\n\t\t\t\t<div class=\"elementor-element elementor-element-79e21b2 elementor-widget__width-auto elementor-absolute elementor-view-default elementor-widget elementor-widget-icon\" data-id=\"79e21b2\" data-element_type=\"widget\" data-settings=\"{&quot;_position&quot;:&quot;absolute&quot;}\" data-widget_type=\"icon.default\">\n\t\t\t\t<div class=\"elementor-widget-container\">\n\t\t\t\t\t\t\t<div class=\"elementor-icon-wrapper\">\n\t\t\t<div class=\"elementor-icon\">\n\t\t\t<svg aria-hidden=\"true\" class=\"e-font-icon-svg e-fas-quote-left\" viewbox=\"0 0 512 512\" xmlns=\"http:\/\/www.w3.org\/2000\/svg\"><path d=\"M464 256h-80v-64c0-35.3 28.7-64 64-64h8c13.3 0 24-10.7 24-24V56c0-13.3-10.7-24-24-24h-8c-88.4 0-160 71.6-160 160v240c0 26.5 21.5 48 48 48h128c26.5 0 48-21.5 48-48V304c0-26.5-21.5-48-48-48zm-288 0H96v-64c0-35.3 28.7-64 64-64h8c13.3 0 24-10.7 24-24V56c0-13.3-10.7-24-24-24h-8C71.6 32 0 103.6 0 192v240c0 26.5 21.5 48 48 48h128c26.5 0 48-21.5 48-48V304c0-26.5-21.5-48-48-48z\"><\/path><\/svg>\t\t\t<\/div>\n\t\t<\/div>\n\t\t\t\t\t\t<\/div>\n\t\t\t\t<\/div>\n\t\t\t\t<\/div>\n\t\t\t\t<\/div>\n\t\t\t\t\t<\/div>\n\t\t\t\t<\/div>\n\t\t\t\t<\/div>\n\t\t\t\t\t<\/div>\n\t\t\t\t<\/div>\n\t\t\t\t<\/div>","protected":false},"excerpt":{"rendered":"<p>Start Your Free 14-Day Trial DON\u2019T WORRY\u2014onboarding? Implementation? We take care of that! Experience Chainformation and meet our team. We&#8217;ll show you how our platform works. Use our checklists, task tools, and central messaging to make your team more effective and your business run smoothly. We look forward to showing you how Chainformation can help [&hellip;]<\/p>","protected":false},"author":4,"featured_media":0,"parent":0,"menu_order":0,"comment_status":"closed","ping_status":"closed","template":"","meta":{"footnotes":""},"class_list":["post-2373","page","type-page","status-publish","hentry"],"_links":{"self":[{"href":"https:\/\/chainformation.com\/sv\/wp-json\/wp\/v2\/pages\/2373","targetHints":{"allow":["GET"]}}],"collection":[{"href":"https:\/\/chainformation.com\/sv\/wp-json\/wp\/v2\/pages"}],"about":[{"href":"https:\/\/chainformation.com\/sv\/wp-json\/wp\/v2\/types\/page"}],"author":[{"embeddable":true,"href":"https:\/\/chainformation.com\/sv\/wp-json\/wp\/v2\/users\/4"}],"replies":[{"embeddable":true,"href":"https:\/\/chainformation.com\/sv\/wp-json\/wp\/v2\/comments?post=2373"}],"version-history":[{"count":115,"href":"https:\/\/chainformation.com\/sv\/wp-json\/wp\/v2\/pages\/2373\/revisions"}],"predecessor-version":[{"id":3466,"href":"https:\/\/chainformation.com\/sv\/wp-json\/wp\/v2\/pages\/2373\/revisions\/3466"}],"wp:attachment":[{"href":"https:\/\/chainformation.com\/sv\/wp-json\/wp\/v2\/media?parent=2373"}],"curies":[{"name":"wp","href":"https:\/\/api.w.org\/{rel}","templated":true}]}}