{"id":3227,"date":"2025-03-20T14:06:24","date_gmt":"2025-03-20T13:06:24","guid":{"rendered":"https:\/\/chainformation.com\/?page_id=3227"},"modified":"2025-06-17T11:11:03","modified_gmt":"2025-06-17T10:11:03","slug":"partner-network","status":"publish","type":"page","link":"https:\/\/chainformation.com\/sv\/partner-network\/","title":{"rendered":"Partner network"},"content":{"rendered":"<div data-elementor-type=\"wp-page\" data-elementor-id=\"3227\" class=\"elementor elementor-3227\" data-elementor-post-type=\"page\">\n\t\t\t\t<div class=\"elementor-element elementor-element-a8e14d7 e-flex e-con-boxed e-con e-parent\" data-id=\"a8e14d7\" data-element_type=\"container\">\n\t\t\t\t\t<div class=\"e-con-inner\">\n\t\t\t\t<div class=\"elementor-element elementor-element-243cb62 elementor-widget elementor-widget-heading\" data-id=\"243cb62\" data-element_type=\"widget\" data-widget_type=\"heading.default\">\n\t\t\t\t<div class=\"elementor-widget-container\">\n\t\t\t\t\t<h1 class=\"elementor-heading-title elementor-size-default\">V\u00e5ra utvalda partners<\/h1>\t\t\t\t<\/div>\n\t\t\t\t<\/div>\n\t\t\t\t\t<\/div>\n\t\t\t\t<\/div>\n\t\t<div class=\"elementor-element elementor-element-7aa4e82 e-flex e-con-boxed e-con e-parent\" data-id=\"7aa4e82\" data-element_type=\"container\">\n\t\t\t\t\t<div class=\"e-con-inner\">\n\t\t\t\t<div class=\"elementor-element elementor-element-2db62b6 elementor-widget elementor-widget-text-editor\" data-id=\"2db62b6\" data-element_type=\"widget\" data-widget_type=\"text-editor.default\">\n\t\t\t\t<div class=\"elementor-widget-container\">\n\t\t\t\t\t\t\t\t\t<h4>Vi samarbetar med f\u00f6retag som erbjuder relevanta produkter och tj\u00e4nster inom sina respektive branscher, och som passar v\u00e4l in i v\u00e5ra kunders verksamhet.<\/h4>\t\t\t\t\t\t\t\t<\/div>\n\t\t\t\t<\/div>\n\t\t\t\t\t<\/div>\n\t\t\t\t<\/div>\n\t\t<div class=\"elementor-element elementor-element-ae65985 e-grid e-con-boxed e-con e-parent\" data-id=\"ae65985\" data-element_type=\"container\">\n\t\t\t\t\t<div class=\"e-con-inner\">\n\t\t\t\t<div class=\"elementor-element elementor-element-090178a elementor-widget elementor-widget-image\" data-id=\"090178a\" data-element_type=\"widget\" data-widget_type=\"image.default\">\n\t\t\t\t<div class=\"elementor-widget-container\">\n\t\t\t\t\t\t\t\t\t\t\t\t<figure class=\"wp-caption\">\n\t\t\t\t\t\t\t\t\t\t\t<a href=\"https:\/\/chainformation.com\/sv\/partner-network\/personalkollen\/\">\n\t\t\t\t\t\t\t<img decoding=\"async\" width=\"600\" height=\"75\" src=\"https:\/\/chainformation.com\/wp-content\/uploads\/2025\/03\/PK-logo.png\" class=\"attachment-medium_large size-medium_large wp-image-3228\" alt=\"\" srcset=\"https:\/\/chainformation.com\/wp-content\/uploads\/2025\/03\/PK-logo.png 600w, https:\/\/chainformation.com\/wp-content\/uploads\/2025\/03\/PK-logo-300x38.png 300w\" sizes=\"(max-width: 600px) 100vw, 600px\" \/>\t\t\t\t\t\t\t\t<\/a>\n\t\t\t\t\t\t\t\t\t\t\t<figcaption class=\"widget-image-caption wp-caption-text\">G\u00f6r schemal\u00e4ggning, planering och l\u00f6nehantering enklare f\u00f6r alla enheter i er kedja.<\/figcaption>\n\t\t\t\t\t\t\t\t\t\t<\/figure>\n\t\t\t\t\t\t\t\t\t<\/div>\n\t\t\t\t<\/div>\n\t\t\t\t<div class=\"elementor-element elementor-element-56e4c5b elementor-widget elementor-widget-image\" data-id=\"56e4c5b\" data-element_type=\"widget\" data-widget_type=\"image.default\">\n\t\t\t\t<div class=\"elementor-widget-container\">\n\t\t\t\t\t\t\t\t\t\t\t\t<figure class=\"wp-caption\">\n\t\t\t\t\t\t\t\t\t\t\t<a href=\"https:\/\/franchisearkitekt.se\/\" target=\"_blank\" rel=\"noopener\">\n\t\t\t\t\t\t\t<img fetchpriority=\"high\" decoding=\"async\" width=\"391\" height=\"129\" src=\"https:\/\/chainformation.com\/wp-content\/uploads\/2025\/03\/FA-logo.jpeg\" class=\"attachment-medium_large size-medium_large wp-image-3229\" alt=\"\" srcset=\"https:\/\/chainformation.com\/wp-content\/uploads\/2025\/03\/FA-logo.jpeg 391w, https:\/\/chainformation.com\/wp-content\/uploads\/2025\/03\/FA-logo-300x99.jpeg 300w\" sizes=\"(max-width: 391px) 100vw, 391px\" \/>\t\t\t\t\t\t\t\t<\/a>\n\t\t\t\t\t\t\t\t\t\t\t<figcaption class=\"widget-image-caption wp-caption-text\">De marknadsledande franchiseexperterna i Skandinavien. Era A\u2013\u00d6-specialister inom allt som r\u00f6r att starta, bygga och utveckla ett franchisesystem.<\/figcaption>\n\t\t\t\t\t\t\t\t\t\t<\/figure>\n\t\t\t\t\t\t\t\t\t<\/div>\n\t\t\t\t<\/div>\n\t\t\t\t<div class=\"elementor-element elementor-element-7ff2c11 elementor-widget elementor-widget-image\" data-id=\"7ff2c11\" data-element_type=\"widget\" data-widget_type=\"image.default\">\n\t\t\t\t<div class=\"elementor-widget-container\">\n\t\t\t\t\t\t\t\t\t\t\t\t<figure class=\"wp-caption\">\n\t\t\t\t\t\t\t\t\t\t\t<a href=\"https:\/\/www.storiesofdata.com\/\" target=\"_blank\" rel=\"noopener\">\n\t\t\t\t\t\t\t<img decoding=\"async\" width=\"340\" height=\"148\" src=\"https:\/\/chainformation.com\/wp-content\/uploads\/2025\/03\/storiesofdata_logo.png\" class=\"attachment-medium_large size-medium_large wp-image-3230\" alt=\"\" srcset=\"https:\/\/chainformation.com\/wp-content\/uploads\/2025\/03\/storiesofdata_logo.png 340w, https:\/\/chainformation.com\/wp-content\/uploads\/2025\/03\/storiesofdata_logo-300x131.png 300w\" sizes=\"(max-width: 340px) 100vw, 340px\" \/>\t\t\t\t\t\t\t\t<\/a>\n\t\t\t\t\t\t\t\t\t\t\t<figcaption class=\"widget-image-caption wp-caption-text\">Designa skr\u00e4ddarsydda datavisualiseringar med Power BI och andra BI plattformar. Vi hj\u00e4lper Chainformations kunder att f\u00e5 v\u00e4rdefulla insikter om sin verksamhet, vilket m\u00f6jligg\u00f6r mer v\u00e4lgrundade beslut.<\/figcaption>\n\t\t\t\t\t\t\t\t\t\t<\/figure>\n\t\t\t\t\t\t\t\t\t<\/div>\n\t\t\t\t<\/div>\n\t\t\t\t<div class=\"elementor-element elementor-element-fe7e5fe elementor-widget elementor-widget-text-editor\" data-id=\"fe7e5fe\" data-element_type=\"widget\" data-widget_type=\"text-editor.default\">\n\t\t\t\t<div class=\"elementor-widget-container\">\n\t\t\t\t\t\t\t\t\t<figure id=\"attachment_3324\" aria-describedby=\"caption-attachment-3324\" style=\"width: 148px\" class=\"wp-caption aligncenter\"><a href=\"https:\/\/thjodrad.is\/\" target=\"_blank\" rel=\"noopener\"><img loading=\"lazy\" decoding=\"async\" class=\"size-full wp-image-3324\" src=\"https:\/\/chainformation.com\/wp-content\/uploads\/2025\/05\/Tjorad_logo.png\" alt=\"\" width=\"148\" height=\"148\" \/><\/a><figcaption id=\"caption-attachment-3324\" class=\"wp-caption-text\"><a href=\"https:\/\/thjodrad.is\/\" target=\"_blank\" rel=\"noopener\">Thjorad.is<\/a><\/figcaption><\/figure>\t\t\t\t\t\t\t\t<\/div>\n\t\t\t\t<\/div>\n\t\t\t\t\t<\/div>\n\t\t\t\t<\/div>\n\t\t<div class=\"elementor-element elementor-element-3f1877e e-flex e-con-boxed e-con e-parent\" data-id=\"3f1877e\" data-element_type=\"container\">\n\t\t\t\t\t<div class=\"e-con-inner\">\n\t\t\t\t<div class=\"elementor-element elementor-element-73311f0 elementor-widget elementor-widget-text-editor\" data-id=\"73311f0\" data-element_type=\"widget\" data-widget_type=\"text-editor.default\">\n\t\t\t\t<div class=\"elementor-widget-container\">\n\t\t\t\t\t\t\t\t\t<h3>Bli en del av v\u00e5rt v\u00e4xande n\u00e4tverk av Chainformation-partners \u2013 L\u00e4gg till en ny int\u00e4ktsk\u00e4lla i din verksamhet.<\/h3><p>Arbetar du med franchise, restaurang, detaljhandel eller upplevelsebaserade verksamheter och vill skapa en extra int\u00e4ktsk\u00e4lla i din befintliga aff\u00e4rsmodell? D\u00e5 tycker vi att du ska ta en pratstund med oss. <span style=\"text-decoration: underline;\"><a href=\"https:\/\/chainformation.com\/sv\/contact\/\">Skicka oss ett mess h\u00e4r s\u00e5 h\u00f6r vi av oss.<\/a><\/span><\/p>\t\t\t\t\t\t\t\t<\/div>\n\t\t\t\t<\/div>\n\t\t\t\t\t<\/div>\n\t\t\t\t<\/div>\n\t\t\t\t<\/div>","protected":false},"excerpt":{"rendered":"<p>Our Carefully Selected Partners We cooperate with companies that offer high valued products and services within their respective sectors, and which are a good fit for our customers operations. Makes staff scheduling, planning and payroll management easier (Sweden only) The market leading Franchise Professionals in Scandinavia. Your A-Z specialists in everything related to starting, building [&hellip;]<\/p>","protected":false},"author":4,"featured_media":3315,"parent":0,"menu_order":0,"comment_status":"closed","ping_status":"closed","template":"","meta":{"footnotes":""},"class_list":["post-3227","page","type-page","status-publish","has-post-thumbnail","hentry"],"_links":{"self":[{"href":"https:\/\/chainformation.com\/sv\/wp-json\/wp\/v2\/pages\/3227","targetHints":{"allow":["GET"]}}],"collection":[{"href":"https:\/\/chainformation.com\/sv\/wp-json\/wp\/v2\/pages"}],"about":[{"href":"https:\/\/chainformation.com\/sv\/wp-json\/wp\/v2\/types\/page"}],"author":[{"embeddable":true,"href":"https:\/\/chainformation.com\/sv\/wp-json\/wp\/v2\/users\/4"}],"replies":[{"embeddable":true,"href":"https:\/\/chainformation.com\/sv\/wp-json\/wp\/v2\/comments?post=3227"}],"version-history":[{"count":33,"href":"https:\/\/chainformation.com\/sv\/wp-json\/wp\/v2\/pages\/3227\/revisions"}],"predecessor-version":[{"id":3416,"href":"https:\/\/chainformation.com\/sv\/wp-json\/wp\/v2\/pages\/3227\/revisions\/3416"}],"wp:featuredmedia":[{"embeddable":true,"href":"https:\/\/chainformation.com\/sv\/wp-json\/wp\/v2\/media\/3315"}],"wp:attachment":[{"href":"https:\/\/chainformation.com\/sv\/wp-json\/wp\/v2\/media?parent=3227"}],"curies":[{"name":"wp","href":"https:\/\/api.w.org\/{rel}","templated":true}]}}