{"id":3338,"date":"2025-05-13T05:19:01","date_gmt":"2025-05-13T04:19:01","guid":{"rendered":"https:\/\/chainformation.com\/?page_id=3338"},"modified":"2025-10-14T08:23:15","modified_gmt":"2025-10-14T07:23:15","slug":"personalkollen","status":"publish","type":"page","link":"https:\/\/chainformation.com\/sv\/partner-network\/personalkollen\/","title":{"rendered":"Personalkollen"},"content":{"rendered":"<div data-elementor-type=\"wp-page\" data-elementor-id=\"3338\" class=\"elementor elementor-3338\" data-elementor-post-type=\"page\">\n\t\t\t\t<div class=\"elementor-element elementor-element-769b5c6 e-flex e-con-boxed e-con e-parent\" data-id=\"769b5c6\" data-element_type=\"container\">\n\t\t\t\t\t<div class=\"e-con-inner\">\n\t\t<div class=\"elementor-element elementor-element-11fa9f9 e-con-full e-flex e-con e-child\" data-id=\"11fa9f9\" data-element_type=\"container\">\n\t\t\t\t<div class=\"elementor-element elementor-element-29bc41d elementor-widget elementor-widget-image\" data-id=\"29bc41d\" data-element_type=\"widget\" data-widget_type=\"image.default\">\n\t\t\t\t<div class=\"elementor-widget-container\">\n\t\t\t\t\t\t\t\t\t\t\t\t\t\t\t\t<a href=\"https:\/\/personalkollen.se\/start\/\" target=\"_blank\" rel=\"noopener\">\n\t\t\t\t\t\t\t<img decoding=\"async\" width=\"600\" height=\"75\" src=\"https:\/\/chainformation.com\/wp-content\/uploads\/2025\/03\/PK-logo.png\" class=\"attachment-large size-large wp-image-3228\" alt=\"\" srcset=\"https:\/\/chainformation.com\/wp-content\/uploads\/2025\/03\/PK-logo.png 600w, https:\/\/chainformation.com\/wp-content\/uploads\/2025\/03\/PK-logo-300x38.png 300w\" sizes=\"(max-width: 600px) 100vw, 600px\" \/>\t\t\t\t\t\t\t\t<\/a>\n\t\t\t\t\t\t\t\t\t\t\t\t\t\t\t<\/div>\n\t\t\t\t<\/div>\n\t\t\t\t<\/div>\n\t\t\t\t\t<\/div>\n\t\t\t\t<\/div>\n\t\t<div class=\"elementor-element elementor-element-b4d69e6 e-flex e-con-boxed e-con e-parent\" data-id=\"b4d69e6\" data-element_type=\"container\">\n\t\t\t\t\t<div class=\"e-con-inner\">\n\t\t<div class=\"elementor-element elementor-element-06e9369 e-con-full e-flex e-con e-child\" data-id=\"06e9369\" data-element_type=\"container\">\n\t\t\t\t<div class=\"elementor-element elementor-element-13f4307 elementor-widget elementor-widget-heading\" data-id=\"13f4307\" data-element_type=\"widget\" data-widget_type=\"heading.default\">\n\t\t\t\t<div class=\"elementor-widget-container\">\n\t\t\t\t\t<h2 class=\"elementor-heading-title elementor-size-default\">G\u00f6r schemal\u00e4ggning, planering och l\u00f6nehantering enklare f\u00f6r alla enheter i er kedja.<\/h2>\t\t\t\t<\/div>\n\t\t\t\t<\/div>\n\t\t\t\t<div class=\"elementor-element elementor-element-62f9133 elementor-widget elementor-widget-text-editor\" data-id=\"62f9133\" data-element_type=\"widget\" data-widget_type=\"text-editor.default\">\n\t\t\t\t<div class=\"elementor-widget-container\">\n\t\t\t\t\t\t\t\t\t<p>Personalkollen \u00e4r ett Svenskt molnbaserat system f\u00f6r schemal\u00e4ggning, tidrapportering och l\u00f6nehantering, s\u00e4rskilt utvecklat f\u00f6r retail-, hotell-, restaurang- och caf\u00e9branschen. Det f\u00f6renklar den dagliga personaladministrationen och ger b\u00e5de arbetsgivare och medarbetare full \u00f6verblick via webb och mobilapp.<\/p>\t\t\t\t\t\t\t\t<\/div>\n\t\t\t\t<\/div>\n\t\t\t\t<div class=\"elementor-element elementor-element-89950f3 elementor-align-center elementor-widget elementor-widget-button\" data-id=\"89950f3\" data-element_type=\"widget\" data-widget_type=\"button.default\">\n\t\t\t\t<div class=\"elementor-widget-container\">\n\t\t\t\t\t\t\t\t\t<div class=\"elementor-button-wrapper\">\n\t\t\t\t\t<a class=\"elementor-button elementor-button-link elementor-size-sm\" href=\"https:\/\/personalkollen.se\/kontakt\/\" target=\"_blank\" rel=\"noopener\">\n\t\t\t\t\t\t<span class=\"elementor-button-content-wrapper\">\n\t\t\t\t\t\t\t\t\t<span class=\"elementor-button-text\">Boka en demo av  Personalkollen<\/span>\n\t\t\t\t\t<\/span>\n\t\t\t\t\t<\/a>\n\t\t\t\t<\/div>\n\t\t\t\t\t\t\t\t<\/div>\n\t\t\t\t<\/div>\n\t\t\t\t<div class=\"elementor-element elementor-element-32b2992 elementor-widget elementor-widget-text-editor\" data-id=\"32b2992\" data-element_type=\"widget\" data-widget_type=\"text-editor.default\">\n\t\t\t\t<div class=\"elementor-widget-container\">\n\t\t\t\t\t\t\t\t\t<h2 data-start=\"124\" data-end=\"189\"><strong data-start=\"131\" data-end=\"187\">Integration mellan Chainformation och Personalkollen<\/strong><\/h2><h3 data-start=\"190\" data-end=\"252\"><strong data-start=\"190\" data-end=\"252\">Ger kedjan en effektiv hantering av personal, l\u00f6ner, schema kombinerat med driftsupport, rutinchecklistor och on-boarding.<\/strong><\/h3><p class=\"\" data-start=\"254\" data-end=\"553\">Chainformation samarbetar med <a href=\"https:\/\/personalkollen.se\/start\/\" target=\"_blank\" rel=\"noopener\"><strong data-start=\"284\" data-end=\"302\">Personalkollen<\/strong><\/a>, d\u00e5 vi v\u00e4nder oss till samma typ av kunder inom restaurang, caf\u00e9, fastfood och retailkedjor. Genom en f\u00e4rdig integration mellan plattformarna kan v\u00e5ra gemensamma kunder automatisera hela processen f\u00f6r anv\u00e4ndarhantering i Chainformation.<\/p><h4 class=\"\" data-start=\"555\" data-end=\"579\">\ud83d\udd01 S\u00e5 fungerar det:<\/h4><ul data-start=\"580\" data-end=\"887\"><li class=\"\" data-start=\"580\" data-end=\"770\"><p class=\"\" data-start=\"582\" data-end=\"770\">N\u00e4r en ny medarbetare <strong data-start=\"604\" data-end=\"636\">registreras i Personalkollen<\/strong>, skapas denne <strong data-start=\"651\" data-end=\"697\">automatiskt som anv\u00e4ndare i Chainformation<\/strong> \u2013 direkt kopplad till r\u00e4tt arbetsplats och med r\u00e4tt <strong data-start=\"750\" data-end=\"769\">roll\/befattning<\/strong>.<\/p><\/li><li class=\"\" data-start=\"771\" data-end=\"887\"><p class=\"\" data-start=\"773\" data-end=\"887\">N\u00e4r n\u00e5gon <strong data-start=\"783\" data-end=\"793\">slutar<\/strong>, tas anv\u00e4ndaren automatiskt bort fr\u00e5n Chainformation, utan att n\u00e5gon manuell hantering kr\u00e4vs.<\/p><\/li><\/ul><h4 class=\"\" data-start=\"889\" data-end=\"919\">\u2705 F\u00f6rdelar f\u00f6r din kedja:<\/h4><ul data-start=\"920\" data-end=\"1213\"><li class=\"\" data-start=\"920\" data-end=\"985\"><p class=\"\" data-start=\"922\" data-end=\"985\"><strong data-start=\"922\" data-end=\"955\">Minskat administrativt arbete<\/strong> \u2013 inga dubbla registreringar.<\/p><\/li><li class=\"\" data-start=\"986\" data-end=\"1121\"><p class=\"\" data-start=\"988\" data-end=\"1121\"><strong data-start=\"988\" data-end=\"1023\">Snabbare och s\u00e4krare onboarding<\/strong> \u2013 nya medarbetare f\u00e5r direkt tillg\u00e5ng till checklistor, rutiner och information i Chainformation.<\/p><\/li><li class=\"\" data-start=\"1122\" data-end=\"1213\"><p class=\"\" data-start=\"1124\" data-end=\"1213\"><strong data-start=\"1124\" data-end=\"1141\">\u00d6kad s\u00e4kerhet<\/strong> \u2013 inga gamla anv\u00e4ndare gl\u00f6ms kvar med tillg\u00e5ng till intern information.<\/p><\/li><\/ul><p class=\"\" data-start=\"1215\" data-end=\"1373\">Genom denna integration s\u00e4kerst\u00e4lls att r\u00e4tt person har tillg\u00e5ng till r\u00e4tt information, vid r\u00e4tt tid \u2013 samtidigt som ni sparar tid och minskar risken f\u00f6r fel.<\/p>\t\t\t\t\t\t\t\t<\/div>\n\t\t\t\t<\/div>\n\t\t\t\t<div class=\"elementor-element elementor-element-6d52f2f elementor-align-center elementor-widget elementor-widget-button\" data-id=\"6d52f2f\" data-element_type=\"widget\" data-widget_type=\"button.default\">\n\t\t\t\t<div class=\"elementor-widget-container\">\n\t\t\t\t\t\t\t\t\t<div class=\"elementor-button-wrapper\">\n\t\t\t\t\t<a class=\"elementor-button elementor-button-link elementor-size-sm\" href=\"https:\/\/chainformation.com\/sv\/book-a-demo\/\">\n\t\t\t\t\t\t<span class=\"elementor-button-content-wrapper\">\n\t\t\t\t\t\t\t\t\t<span class=\"elementor-button-text\">Boka en demo med Chainformation<\/span>\n\t\t\t\t\t<\/span>\n\t\t\t\t\t<\/a>\n\t\t\t\t<\/div>\n\t\t\t\t\t\t\t\t<\/div>\n\t\t\t\t<\/div>\n\t\t\t\t<\/div>\n\t\t\t\t\t<\/div>\n\t\t\t\t<\/div>\n\t\t<div class=\"elementor-element elementor-element-c83132d e-grid e-con-boxed e-con e-parent\" data-id=\"c83132d\" data-element_type=\"container\">\n\t\t\t\t\t<div class=\"e-con-inner\">\n\t\t\t\t<div class=\"elementor-element elementor-element-16f22f5 elementor-widget elementor-widget-image\" data-id=\"16f22f5\" data-element_type=\"widget\" data-widget_type=\"image.default\">\n\t\t\t\t<div class=\"elementor-widget-container\">\n\t\t\t\t\t\t\t\t\t\t\t\t<figure class=\"wp-caption\">\n\t\t\t\t\t\t\t\t\t\t<img fetchpriority=\"high\" decoding=\"async\" width=\"800\" height=\"600\" src=\"https:\/\/chainformation.com\/wp-content\/uploads\/2025\/05\/PK_ALL_Devices-1024x768.png\" class=\"attachment-large size-large wp-image-3345\" alt=\"\" srcset=\"https:\/\/chainformation.com\/wp-content\/uploads\/2025\/05\/PK_ALL_Devices-1024x768.png 1024w, https:\/\/chainformation.com\/wp-content\/uploads\/2025\/05\/PK_ALL_Devices-300x225.png 300w, https:\/\/chainformation.com\/wp-content\/uploads\/2025\/05\/PK_ALL_Devices-768x576.png 768w, https:\/\/chainformation.com\/wp-content\/uploads\/2025\/05\/PK_ALL_Devices-1536x1152.png 1536w, https:\/\/chainformation.com\/wp-content\/uploads\/2025\/05\/PK_ALL_Devices-2048x1536.png 2048w\" sizes=\"(max-width: 800px) 100vw, 800px\" \/>\t\t\t\t\t\t\t\t\t\t\t<figcaption class=\"widget-image-caption wp-caption-text\">Personalkollen kan anv\u00e4ndas p\u00e5 alla enheter<\/figcaption>\n\t\t\t\t\t\t\t\t\t\t<\/figure>\n\t\t\t\t\t\t\t\t\t<\/div>\n\t\t\t\t<\/div>\n\t\t\t\t<div class=\"elementor-element elementor-element-5f9fe32 elementor-widget elementor-widget-image\" data-id=\"5f9fe32\" data-element_type=\"widget\" data-widget_type=\"image.default\">\n\t\t\t\t<div class=\"elementor-widget-container\">\n\t\t\t\t\t\t\t\t\t\t\t\t<figure class=\"wp-caption\">\n\t\t\t\t\t\t\t\t\t\t<img decoding=\"async\" width=\"800\" height=\"600\" src=\"https:\/\/chainformation.com\/wp-content\/uploads\/2025\/05\/PK_Tablet_Mobile.png\" class=\"attachment-large size-large wp-image-3344\" alt=\"\" srcset=\"https:\/\/chainformation.com\/wp-content\/uploads\/2025\/05\/PK_Tablet_Mobile.png 1024w, https:\/\/chainformation.com\/wp-content\/uploads\/2025\/05\/PK_Tablet_Mobile-300x225.png 300w, https:\/\/chainformation.com\/wp-content\/uploads\/2025\/05\/PK_Tablet_Mobile-768x576.png 768w\" sizes=\"(max-width: 800px) 100vw, 800px\" \/>\t\t\t\t\t\t\t\t\t\t\t<figcaption class=\"widget-image-caption wp-caption-text\">Snabb och enkel \u00f6versikt f\u00f6r den anst\u00e4llde i Personalkollen<\/figcaption>\n\t\t\t\t\t\t\t\t\t\t<\/figure>\n\t\t\t\t\t\t\t\t\t<\/div>\n\t\t\t\t<\/div>\n\t\t\t\t<div class=\"elementor-element elementor-element-a7faba2 elementor-widget elementor-widget-image\" data-id=\"a7faba2\" data-element_type=\"widget\" data-widget_type=\"image.default\">\n\t\t\t\t<div class=\"elementor-widget-container\">\n\t\t\t\t\t\t\t\t\t\t\t\t<figure class=\"wp-caption\">\n\t\t\t\t\t\t\t\t\t\t<img loading=\"lazy\" decoding=\"async\" width=\"400\" height=\"400\" src=\"https:\/\/chainformation.com\/wp-content\/uploads\/2024\/06\/unnamed.jpg\" class=\"attachment-large size-large wp-image-2588\" alt=\"\" srcset=\"https:\/\/chainformation.com\/wp-content\/uploads\/2024\/06\/unnamed.jpg 400w, https:\/\/chainformation.com\/wp-content\/uploads\/2024\/06\/unnamed-300x300.jpg 300w, https:\/\/chainformation.com\/wp-content\/uploads\/2024\/06\/unnamed-150x150.jpg 150w\" sizes=\"(max-width: 400px) 100vw, 400px\" \/>\t\t\t\t\t\t\t\t\t\t\t<figcaption class=\"widget-image-caption wp-caption-text\">Chainformation och Personalkollen ger din kedja de b\u00e4sta verktygen f\u00f6r att s\u00e4kerst\u00e4lla effektiv drift, bra rutiner och optimerad personalhantering.<\/figcaption>\n\t\t\t\t\t\t\t\t\t\t<\/figure>\n\t\t\t\t\t\t\t\t\t<\/div>\n\t\t\t\t<\/div>\n\t\t\t\t\t<\/div>\n\t\t\t\t<\/div>\n\t\t\t\t<\/div>","protected":false},"excerpt":{"rendered":"<p>G\u00f6r schemal\u00e4ggning, planering och l\u00f6nehantering enklare f\u00f6r alla enheter i er kedja. Personalkollen \u00e4r ett Svenskt molnbaserat system f\u00f6r schemal\u00e4ggning, tidrapportering och l\u00f6nehantering, s\u00e4rskilt utvecklat f\u00f6r retail-, hotell-, restaurang- och caf\u00e9branschen. Det f\u00f6renklar den dagliga personaladministrationen och ger b\u00e5de arbetsgivare och medarbetare full \u00f6verblick via webb och mobilapp. Boka en demo av Personalkollen Integration mellan [&hellip;]<\/p>","protected":false},"author":4,"featured_media":3228,"parent":3227,"menu_order":0,"comment_status":"closed","ping_status":"closed","template":"","meta":{"footnotes":""},"class_list":["post-3338","page","type-page","status-publish","has-post-thumbnail","hentry"],"_links":{"self":[{"href":"https:\/\/chainformation.com\/sv\/wp-json\/wp\/v2\/pages\/3338","targetHints":{"allow":["GET"]}}],"collection":[{"href":"https:\/\/chainformation.com\/sv\/wp-json\/wp\/v2\/pages"}],"about":[{"href":"https:\/\/chainformation.com\/sv\/wp-json\/wp\/v2\/types\/page"}],"author":[{"embeddable":true,"href":"https:\/\/chainformation.com\/sv\/wp-json\/wp\/v2\/users\/4"}],"replies":[{"embeddable":true,"href":"https:\/\/chainformation.com\/sv\/wp-json\/wp\/v2\/comments?post=3338"}],"version-history":[{"count":22,"href":"https:\/\/chainformation.com\/sv\/wp-json\/wp\/v2\/pages\/3338\/revisions"}],"predecessor-version":[{"id":3462,"href":"https:\/\/chainformation.com\/sv\/wp-json\/wp\/v2\/pages\/3338\/revisions\/3462"}],"up":[{"embeddable":true,"href":"https:\/\/chainformation.com\/sv\/wp-json\/wp\/v2\/pages\/3227"}],"wp:featuredmedia":[{"embeddable":true,"href":"https:\/\/chainformation.com\/sv\/wp-json\/wp\/v2\/media\/3228"}],"wp:attachment":[{"href":"https:\/\/chainformation.com\/sv\/wp-json\/wp\/v2\/media?parent=3338"}],"curies":[{"name":"wp","href":"https:\/\/api.w.org\/{rel}","templated":true}]}}