{"id":57,"date":"2024-02-28T13:13:46","date_gmt":"2024-02-28T13:13:46","guid":{"rendered":"https:\/\/chainformation.com\/?page_id=57"},"modified":"2024-05-31T03:25:02","modified_gmt":"2024-05-31T03:25:02","slug":"about","status":"publish","type":"page","link":"https:\/\/chainformation.com\/sv\/about\/","title":{"rendered":"Om"},"content":{"rendered":"<div data-elementor-type=\"wp-page\" data-elementor-id=\"57\" class=\"elementor elementor-57\" data-elementor-post-type=\"page\">\n\t\t\t\t<div class=\"elementor-element elementor-element-9e8e959 e-flex e-con-boxed e-con e-parent\" data-id=\"9e8e959\" data-element_type=\"container\" data-settings=\"{&quot;background_background&quot;:&quot;classic&quot;}\">\n\t\t\t\t\t<div class=\"e-con-inner\">\n\t\t<div class=\"elementor-element elementor-element-ef367d6 e-flex e-con-boxed e-con e-child\" data-id=\"ef367d6\" data-element_type=\"container\">\n\t\t\t\t\t<div class=\"e-con-inner\">\n\t\t\t\t\t<\/div>\n\t\t\t\t<\/div>\n\t\t\t\t\t<\/div>\n\t\t\t\t<\/div>\n\t\t<div class=\"elementor-element elementor-element-97ff63c e-flex e-con-boxed e-con e-parent\" data-id=\"97ff63c\" data-element_type=\"container\">\n\t\t\t\t\t<div class=\"e-con-inner\">\n\t\t<div class=\"elementor-element elementor-element-98ea1d8 e-con-full e-flex e-con e-child\" data-id=\"98ea1d8\" data-element_type=\"container\" data-settings=\"{&quot;background_background&quot;:&quot;classic&quot;}\">\n\t\t\t\t<div class=\"elementor-element elementor-element-27a9b23 elementor-widget elementor-widget-heading\" data-id=\"27a9b23\" data-element_type=\"widget\" data-widget_type=\"heading.default\">\n\t\t\t\t<div class=\"elementor-widget-container\">\n\t\t\t\t\t<h1 class=\"elementor-heading-title elementor-size-default\">G\u00f6r hantering av flera platser enklare i den digitala tiden<\/h1>\t\t\t\t<\/div>\n\t\t\t\t<\/div>\n\t\t\t\t<div class=\"elementor-element elementor-element-c646df3 elementor-widget elementor-widget-text-editor\" data-id=\"c646df3\" data-element_type=\"widget\" data-widget_type=\"text-editor.default\">\n\t\t\t\t<div class=\"elementor-widget-container\">\n\t\t\t\t\t\t\t\t\t<p>Uppgradera hur du driver ditt f\u00f6retag med v\u00e5r plattform som g\u00f6r det enklare att f\u00f6lja regler och f\u00e5 support.<\/p>\t\t\t\t\t\t\t\t<\/div>\n\t\t\t\t<\/div>\n\t\t\t\t<div class=\"elementor-element elementor-element-f7c5649 elementor-widget elementor-widget-button\" data-id=\"f7c5649\" data-element_type=\"widget\" data-widget_type=\"button.default\">\n\t\t\t\t<div class=\"elementor-widget-container\">\n\t\t\t\t\t\t\t\t\t<div class=\"elementor-button-wrapper\">\n\t\t\t\t\t<a class=\"elementor-button elementor-button-link elementor-size-lg\" href=\"https:\/\/chainformation.com\/sv\/book-a-demo\/\">\n\t\t\t\t\t\t<span class=\"elementor-button-content-wrapper\">\n\t\t\t\t\t\t<span class=\"elementor-button-icon\">\n\t\t\t\t<svg aria-hidden=\"true\" class=\"e-font-icon-svg e-fas-arrow-circle-right\" viewbox=\"0 0 512 512\" xmlns=\"http:\/\/www.w3.org\/2000\/svg\"><path d=\"M256 8c137 0 248 111 248 248S393 504 256 504 8 393 8 256 119 8 256 8zm-28.9 143.6l75.5 72.4H120c-13.3 0-24 10.7-24 24v16c0 13.3 10.7 24 24 24h182.6l-75.5 72.4c-9.7 9.3-9.9 24.8-.4 34.3l11 10.9c9.4 9.4 24.6 9.4 33.9 0L404.3 273c9.4-9.4 9.4-24.6 0-33.9L271.6 106.3c-9.4-9.4-24.6-9.4-33.9 0l-11 10.9c-9.5 9.6-9.3 25.1.4 34.4z\"><\/path><\/svg>\t\t\t<\/span>\n\t\t\t\t\t\t\t\t\t<span class=\"elementor-button-text\">Boka en kort demo, s\u00e5 visar vi.<\/span>\n\t\t\t\t\t<\/span>\n\t\t\t\t\t<\/a>\n\t\t\t\t<\/div>\n\t\t\t\t\t\t\t\t<\/div>\n\t\t\t\t<\/div>\n\t\t\t\t<\/div>\n\t\t\t\t\t<\/div>\n\t\t\t\t<\/div>\n\t\t<div class=\"elementor-element elementor-element-fdbec47 e-flex e-con-boxed e-con e-parent\" data-id=\"fdbec47\" data-element_type=\"container\">\n\t\t\t\t\t<div class=\"e-con-inner\">\n\t\t<div class=\"elementor-element elementor-element-60b8bac e-con-full e-flex e-con e-child\" data-id=\"60b8bac\" data-element_type=\"container\" data-settings=\"{&quot;background_background&quot;:&quot;classic&quot;}\">\n\t\t\t\t<div class=\"elementor-element elementor-element-e2f0070 elementor-widget elementor-widget-heading\" data-id=\"e2f0070\" data-element_type=\"widget\" data-widget_type=\"heading.default\">\n\t\t\t\t<div class=\"elementor-widget-container\">\n\t\t\t\t\t<h2 class=\"elementor-heading-title elementor-size-default\">Vi har \u00f6ver 20 \u00e5rs erfarenhet och hundratals framg\u00e5ngsrika projekt f\u00f6r att hj\u00e4lpa dig att lyckas.<\/h2>\t\t\t\t<\/div>\n\t\t\t\t<\/div>\n\t\t\t\t<div class=\"elementor-element elementor-element-7e843ee elementor-widget elementor-widget-text-editor\" data-id=\"7e843ee\" data-element_type=\"widget\" data-widget_type=\"text-editor.default\">\n\t\t\t\t<div class=\"elementor-widget-container\">\n\t\t\t\t\t\t\t\t\t<p>Chainformation har skapat specialiserad programvara sedan 2001, designad just f\u00f6r f\u00f6retag som ditt.<\/p><p>Vi tror att ett f\u00f6retag med m\u00e5nga platser m\u00e5ste bli b\u00e4ttre f\u00f6r att lyckas. Detta inneb\u00e4r att hj\u00e4lpa varje plats att fungera smidigt och h\u00e5lla sig till varum\u00e4rkets huvudm\u00e5l. Att dela information och prata effektivt \u00e4r nyckeln till detta. F\u00f6rut fanns det inget bra s\u00e4tt att g\u00f6ra detta, s\u00e5 vi gjorde Chainformation.<\/p><p>V\u00e5r plattform \u00e4r gjord just f\u00f6r f\u00f6retag med m\u00e5nga platser, som f\u00f6rst\u00e5r de unika utmaningar de st\u00e5r inf\u00f6r idag. Vi \u00e4r glada \u00f6ver att ha hj\u00e4lpt stora varum\u00e4rken att v\u00e4xa, dela kunskap l\u00e4ttare, f\u00f6lja regler och arbeta b\u00e4ttre tillsammans. Nu har vi kunder \u00f6ver hela v\u00e4rlden<\/p>\t\t\t\t\t\t\t\t<\/div>\n\t\t\t\t<\/div>\n\t\t\t\t<div class=\"elementor-element elementor-element-216c1b3 elementor-widget elementor-widget-heading\" data-id=\"216c1b3\" data-element_type=\"widget\" data-widget_type=\"heading.default\">\n\t\t\t\t<div class=\"elementor-widget-container\">\n\t\t\t\t\t<h3 class=\"elementor-heading-title elementor-size-default\">H\u00e4r f\u00f6r att st\u00f6tta dig<\/h3>\t\t\t\t<\/div>\n\t\t\t\t<\/div>\n\t\t\t\t<\/div>\n\t\t\t\t\t<\/div>\n\t\t\t\t<\/div>\n\t\t<div class=\"elementor-element elementor-element-98b5529 e-flex e-con-boxed e-con e-parent\" data-id=\"98b5529\" data-element_type=\"container\">\n\t\t\t\t\t<div class=\"e-con-inner\">\n\t\t<div class=\"elementor-element elementor-element-ff14984 e-con-full e-flex e-con e-child\" data-id=\"ff14984\" data-element_type=\"container\">\n\t\t\t\t<div class=\"elementor-element elementor-element-8c7cf87 elementor-view-default elementor-position-top elementor-mobile-position-top elementor-widget elementor-widget-icon-box\" data-id=\"8c7cf87\" data-element_type=\"widget\" data-widget_type=\"icon-box.default\">\n\t\t\t\t<div class=\"elementor-widget-container\">\n\t\t\t\t\t\t\t<div class=\"elementor-icon-box-wrapper\">\n\n\t\t\t\t\t\t<div class=\"elementor-icon-box-icon\">\n\t\t\t\t<span  class=\"elementor-icon\">\n\t\t\t\t<i aria-hidden=\"true\" class=\"fad fa-laptop-medical\"><\/i>\t\t\t\t<\/span>\n\t\t\t<\/div>\n\t\t\t\n\t\t\t\t\t\t<div class=\"elementor-icon-box-content\">\n\n\t\t\t\t\t\t\t\t\t<h3 class=\"elementor-icon-box-title\">\n\t\t\t\t\t\t<span  >\n\t\t\t\t\t\t\tRiktig hj\u00e4lp\t\t\t\t\t\t<\/span>\n\t\t\t\t\t<\/h3>\n\t\t\t\t\n\t\t\t\t\t\t\t\t\t<p class=\"elementor-icon-box-description\">\n\t\t\t\t\t\tV\u00e5rt team \u00e4r alltid redo att hj\u00e4lpa och v\u00e4gleda er.\t\t\t\t\t<\/p>\n\t\t\t\t\n\t\t\t<\/div>\n\t\t\t\n\t\t<\/div>\n\t\t\t\t\t\t<\/div>\n\t\t\t\t<\/div>\n\t\t\t\t<\/div>\n\t\t<div class=\"elementor-element elementor-element-b6ce1ba e-con-full e-flex e-con e-child\" data-id=\"b6ce1ba\" data-element_type=\"container\">\n\t\t\t\t<div class=\"elementor-element elementor-element-bada4b0 elementor-view-default elementor-position-top elementor-mobile-position-top elementor-widget elementor-widget-icon-box\" data-id=\"bada4b0\" data-element_type=\"widget\" data-widget_type=\"icon-box.default\">\n\t\t\t\t<div class=\"elementor-widget-container\">\n\t\t\t\t\t\t\t<div class=\"elementor-icon-box-wrapper\">\n\n\t\t\t\t\t\t<div class=\"elementor-icon-box-icon\">\n\t\t\t\t<span  class=\"elementor-icon\">\n\t\t\t\t<i aria-hidden=\"true\" class=\"fad fa-bullseye-pointer\"><\/i>\t\t\t\t<\/span>\n\t\t\t<\/div>\n\t\t\t\n\t\t\t\t\t\t<div class=\"elementor-icon-box-content\">\n\n\t\t\t\t\t\t\t\t\t<h3 class=\"elementor-icon-box-title\">\n\t\t\t\t\t\t<span  >\n\t\t\t\t\t\t\tF\u00f6rb\u00e4ttras alltid\t\t\t\t\t\t<\/span>\n\t\t\t\t\t<\/h3>\n\t\t\t\t\n\t\t\t\t\t\t\t\t\t<p class=\"elementor-icon-box-description\">\n\t\t\t\t\t\tVi arbetar h\u00e5rt f\u00f6r att g\u00f6ra v\u00e5ra tj\u00e4nster b\u00e4ttre, s\u00e5 att du alltid f\u00e5r det b\u00e4sta.\t\t\t\t\t<\/p>\n\t\t\t\t\n\t\t\t<\/div>\n\t\t\t\n\t\t<\/div>\n\t\t\t\t\t\t<\/div>\n\t\t\t\t<\/div>\n\t\t\t\t<\/div>\n\t\t<div class=\"elementor-element elementor-element-86e6506 e-con-full e-flex e-con e-child\" data-id=\"86e6506\" data-element_type=\"container\">\n\t\t\t\t<div class=\"elementor-element elementor-element-e6b7580 elementor-view-default elementor-position-top elementor-mobile-position-top elementor-widget elementor-widget-icon-box\" data-id=\"e6b7580\" data-element_type=\"widget\" data-widget_type=\"icon-box.default\">\n\t\t\t\t<div class=\"elementor-widget-container\">\n\t\t\t\t\t\t\t<div class=\"elementor-icon-box-wrapper\">\n\n\t\t\t\t\t\t<div class=\"elementor-icon-box-icon\">\n\t\t\t\t<span  class=\"elementor-icon\">\n\t\t\t\t<i aria-hidden=\"true\" class=\"fad fa-robot\"><\/i>\t\t\t\t<\/span>\n\t\t\t<\/div>\n\t\t\t\n\t\t\t\t\t\t<div class=\"elementor-icon-box-content\">\n\n\t\t\t\t\t\t\t\t\t<h3 class=\"elementor-icon-box-title\">\n\t\t\t\t\t\t<span  >\n\t\t\t\t\t\t\tSmarta l\u00f6sningar\t\t\t\t\t\t<\/span>\n\t\t\t\t\t<\/h3>\n\t\t\t\t\n\t\t\t\t\t\t\t\t\t<p class=\"elementor-icon-box-description\">\n\t\t\t\t\t\tVi g\u00f6r det enklare att driva ditt f\u00f6retag med automatiserade verktyg och system.\t\t\t\t\t<\/p>\n\t\t\t\t\n\t\t\t<\/div>\n\t\t\t\n\t\t<\/div>\n\t\t\t\t\t\t<\/div>\n\t\t\t\t<\/div>\n\t\t\t\t<\/div>\n\t\t\t\t\t<\/div>\n\t\t\t\t<\/div>\n\t\t<div class=\"elementor-element elementor-element-754f2f1 e-flex e-con-boxed e-con e-parent\" data-id=\"754f2f1\" data-element_type=\"container\">\n\t\t\t\t\t<div class=\"e-con-inner\">\n\t\t\t\t<div class=\"elementor-element elementor-element-a35fbfb elementor-widget elementor-widget-heading\" data-id=\"a35fbfb\" data-element_type=\"widget\" data-widget_type=\"heading.default\">\n\t\t\t\t<div class=\"elementor-widget-container\">\n\t\t\t\t\t<h2 class=\"elementor-heading-title elementor-size-default\">Betrodd av m\u00e5nga varum\u00e4rken<\/h2>\t\t\t\t<\/div>\n\t\t\t\t<\/div>\n\t\t<div class=\"elementor-element elementor-element-66fbdfb e-flex e-con-boxed e-con e-child\" data-id=\"66fbdfb\" data-element_type=\"container\">\n\t\t\t\t\t<div class=\"e-con-inner\">\n\t\t\t\t<div class=\"elementor-element elementor-element-c5485d6 elementor-widget elementor-widget-text-editor\" data-id=\"c5485d6\" data-element_type=\"widget\" data-widget_type=\"text-editor.default\">\n\t\t\t\t<div class=\"elementor-widget-container\">\n\t\t\t\t\t\t\t\t\t<p>Vi tar din framg\u00e5ng p\u00e5 allvar eftersom vi vet hur viktigt ditt f\u00f6retag \u00e4r. Vi \u00e4r h\u00e4r f\u00f6r att ge dig de verktyg och det st\u00f6d du beh\u00f6ver. Genom att lyssna p\u00e5 vad du s\u00e4ger g\u00f6r vi v\u00e5ra produkter och tj\u00e4nster b\u00e4ttre.<\/p><p>\"Ett stort plus \u00e4r att nu alla enkelt kan l\u00e4sa v\u00e5ra uppdateringar p\u00e5 sina telefoner.\"<\/p>\t\t\t\t\t\t\t\t<\/div>\n\t\t\t\t<\/div>\n\t\t\t\t\t<\/div>\n\t\t\t\t<\/div>\n\t\t\t\t<div class=\"elementor-element elementor-element-eaf1f26 elementor-widget elementor-widget-ucaddon_logo_marquee\" data-id=\"eaf1f26\" data-element_type=\"widget\" data-widget_type=\"ucaddon_logo_marquee.default\">\n\t\t\t\t<div class=\"elementor-widget-container\">\n\t\t\t\t\t\n<!-- start Logo Marquee -->\n\t\t<link id='font-awesome-css' href='https:\/\/chainformation.com\/wp-content\/plugins\/unlimited-elements-for-elementor-premium\/assets_libraries\/font-awesome6\/fontawesome-all.min.css' type='text\/css' rel='stylesheet' >\n\t\t<link id='font-awesome-4-shim-css' href='https:\/\/chainformation.com\/wp-content\/plugins\/unlimited-elements-for-elementor-premium\/assets_libraries\/font-awesome6\/fontawesome-v4-shims.min.css' type='text\/css' rel='stylesheet' >\n\n<style>\/* widget: Logo Marquee *\/\n\n#uc_logo_marquee_elementor_eaf1f26{\n  min-height:1px;\n  text-align: center;\n  position:relative;\n}\n\n#uc_logo_marquee_elementor_eaf1f26 *{\n  box-sizing:border-box;\n}\n#uc_logo_marquee_elementor_eaf1f26 .uc_marquee {\n\tdisplay: flex;\n\talign-items: center;\n\toverflow: hidden;\n    position: relative;\n}\n#uc_logo_marquee_elementor_eaf1f26 .uc_marquee > div {\n    position:relative;\n\tdisplay: inline-flex;\n\talign-items: center;\n\tflex: 0 0 auto;\n\twidth: auto;\n\toverflow: hidden;\n  \t\t\tanimation-name: marquee-to-left;\n    \tanimation-timing-function: linear;\n\tanimation-iteration-count: infinite;\n    }\n#uc_logo_marquee_elementor_eaf1f26 img{\n\n  \theight: 100%;\n  \tobject-fit: contain;\n}\n\n#uc_logo_marquee_elementor_eaf1f26 .ue_marquee_title\n{\n  position:absolute;\n  bottom:0px;\n  width:100%;\n}\n\n#uc_logo_marquee_elementor_eaf1f26 .uc_logo_marquee_holder{\n\tposition:relative;\n    text-align:center;\n    overflow:hidden;\n}\n\n\n#uc_logo_marquee_elementor_eaf1f26 .uc_logo_marquee_holder a{\n  height:100%;\n  width: 100%;\n  display:flex;\n  align-items: center;\n  justify-content:center;\n}\n\n\n\t@keyframes marquee-to-left {\n\tfrom {transform: translate(0,0)}\n\tto {transform: translate(-50%,0)}\n}\n\t\n\n\n\n\n\n#uc_logo_marquee_elementor_eaf1f26 .ue-item-badge\n{\n  position:absolute;\n  right:10px;\n  top:10px;\n}\n\n<\/style>\n\n<div class=\"uc_logo_marquee\" id=\"uc_logo_marquee_elementor_eaf1f26\" style=\"direction:ltr;\" >\n   <div class=\"uc_marquee uc-items-wrapper\" data-height=\"100px\" data-speed=\"9000\" data-mobile-items=\"1\" data-tablet-items=\"2\" data-desktop-items=\"4\" data-margin=\"20\" data-paused=\"true\" data-direction=\"left\">\n   \t\t<div class=\"uc_logo_marquee_holder elementor-repeater-item-4922fd3\">\n\t        <img decoding=\"async\" src=\"https:\/\/chainformation.com\/wp-content\/uploads\/2024\/03\/leo_logo.png\" alt=\"Item 1\" class=\"ue_img_marquee\">\n      \t\n        \n      \t\n      <\/div>\n<div class=\"uc_logo_marquee_holder elementor-repeater-item-251de6d\">\n\t        <img decoding=\"async\" src=\"https:\/\/chainformation.com\/wp-content\/uploads\/2024\/03\/sushi-yama_logo.png\" alt=\"Item 2\" class=\"ue_img_marquee\">\n      \t\n        \n      \t\n      <\/div>\n<div class=\"uc_logo_marquee_holder elementor-repeater-item-ca61814\">\n\t        <img decoding=\"async\" src=\"https:\/\/chainformation.com\/wp-content\/uploads\/2024\/03\/european-bartender-school_logo.png\" alt=\"Item 3\" class=\"ue_img_marquee\">\n      \t\n        \n      \t\n      <\/div>\n<div class=\"uc_logo_marquee_holder elementor-repeater-item-ca62a44\">\n\t        <img decoding=\"async\" src=\"https:\/\/chainformation.com\/wp-content\/uploads\/2024\/03\/richies_logo.png\" alt=\"Item 4\" class=\"ue_img_marquee\">\n      \t\n        \n      \t\n      <\/div>\n<div class=\"uc_logo_marquee_holder elementor-repeater-item-1e5a643\">\n\t        <img decoding=\"async\" src=\"https:\/\/chainformation.com\/wp-content\/uploads\/2024\/03\/careofcars_logo.png\" alt=\"Item 5\" class=\"ue_img_marquee\">\n      \t\n        \n      \t\n      <\/div>\n<div class=\"uc_logo_marquee_holder elementor-repeater-item-ef89436\">\n\t        <img decoding=\"async\" src=\"https:\/\/chainformation.com\/wp-content\/uploads\/2024\/03\/member24_logo.png\" alt=\"Item 6\" class=\"ue_img_marquee\">\n      \t\n        \n      \t\n      <\/div>\n<div class=\"uc_logo_marquee_holder elementor-repeater-item-a08fc8e\">\n\t        <img decoding=\"async\" src=\"https:\/\/chainformation.com\/wp-content\/uploads\/2024\/03\/golfstar_logo.png\" alt=\"Item 7\" class=\"ue_img_marquee\">\n      \t\n        \n      \t\n      <\/div>\n<div class=\"uc_logo_marquee_holder elementor-repeater-item-d2b22dd\">\n\t        <img decoding=\"async\" src=\"https:\/\/chainformation.com\/wp-content\/uploads\/2024\/03\/creative-headz_logo.png\" alt=\"Item 8\" class=\"ue_img_marquee\">\n      \t\n        \n      \t\n      <\/div>\n<div class=\"uc_logo_marquee_holder elementor-repeater-item-8b8daa8\">\n\t        <img decoding=\"async\" src=\"https:\/\/chainformation.com\/wp-content\/uploads\/2024\/03\/tott-hotels_logo.png\" alt=\"Item 9\" class=\"ue_img_marquee\">\n      \t\n        \n      \t\n      <\/div>\n<div class=\"uc_logo_marquee_holder elementor-repeater-item-4510089\">\n\t        <img decoding=\"async\" src=\"https:\/\/chainformation.com\/wp-content\/uploads\/2024\/03\/surfshack_logo.png\" alt=\"Item 10\" class=\"ue_img_marquee\">\n      \t\n        \n      \t\n      <\/div>\n<div class=\"uc_logo_marquee_holder elementor-repeater-item-42b0b09\">\n\t        <img decoding=\"async\" src=\"https:\/\/chainformation.com\/wp-content\/uploads\/2024\/03\/colorama_logo.png\" alt=\"Item 11\" class=\"ue_img_marquee\">\n      \t\n        \n      \t\n      <\/div>\n<div class=\"uc_logo_marquee_holder elementor-repeater-item-84faea1\">\n\t        <img decoding=\"async\" src=\"https:\/\/chainformation.com\/wp-content\/uploads\/2024\/03\/spicy-hot_logo.png\" alt=\"Item 12\" class=\"ue_img_marquee\">\n      \t\n        \n      \t\n      <\/div>\n<div class=\"uc_logo_marquee_holder elementor-repeater-item-3122e0b\">\n\t        <img decoding=\"async\" src=\"https:\/\/chainformation.com\/wp-content\/uploads\/2024\/03\/shady-burgers_logo.png\" alt=\"Item 13\" class=\"ue_img_marquee\">\n      \t\n        \n      \t\n      <\/div>\n<div class=\"uc_logo_marquee_holder elementor-repeater-item-9afdfe9\">\n\t        <img decoding=\"async\" src=\"https:\/\/chainformation.com\/wp-content\/uploads\/2024\/03\/waynes-coffee_logo.png\" alt=\"Item 14\" class=\"ue_img_marquee\">\n      \t\n        \n      \t\n      <\/div>\n<div class=\"uc_logo_marquee_holder elementor-repeater-item-6ecfec0\">\n\t        <img decoding=\"async\" src=\"https:\/\/chainformation.com\/wp-content\/uploads\/2024\/03\/Sushi-rebbelion.png\" alt=\"\" class=\"ue_img_marquee\">\n      \t\n        \n      \t\n      <\/div>\n<div class=\"uc_logo_marquee_holder elementor-repeater-item-00e1be4\">\n\t        <img decoding=\"async\" src=\"https:\/\/chainformation.com\/wp-content\/uploads\/2024\/03\/olearys-logga.png\" alt=\"\" class=\"ue_img_marquee\">\n      \t\n        \n      \t\n      <\/div>\n\n   <\/div>\t\n<\/div>\n<!-- end Logo Marquee -->\t\t\t\t<\/div>\n\t\t\t\t<\/div>\n\t\t\t\t\t<\/div>\n\t\t\t\t<\/div>\n\t\t\t\t<\/div>","protected":false},"excerpt":{"rendered":"<p>Making Multi-Location Management Simpler in the Digital Age Upgrade how you run your business with our platform that makes following rules and getting support easier. Book your free demo We bring over 20 years of experience and hundreds of successful projects to help you succeed. Chainformation has been creating specialized software since 2001, designed just [&hellip;]<\/p>","protected":false},"author":4,"featured_media":0,"parent":0,"menu_order":0,"comment_status":"closed","ping_status":"closed","template":"","meta":{"footnotes":""},"class_list":["post-57","page","type-page","status-publish","hentry"],"_links":{"self":[{"href":"https:\/\/chainformation.com\/sv\/wp-json\/wp\/v2\/pages\/57","targetHints":{"allow":["GET"]}}],"collection":[{"href":"https:\/\/chainformation.com\/sv\/wp-json\/wp\/v2\/pages"}],"about":[{"href":"https:\/\/chainformation.com\/sv\/wp-json\/wp\/v2\/types\/page"}],"author":[{"embeddable":true,"href":"https:\/\/chainformation.com\/sv\/wp-json\/wp\/v2\/users\/4"}],"replies":[{"embeddable":true,"href":"https:\/\/chainformation.com\/sv\/wp-json\/wp\/v2\/comments?post=57"}],"version-history":[{"count":46,"href":"https:\/\/chainformation.com\/sv\/wp-json\/wp\/v2\/pages\/57\/revisions"}],"predecessor-version":[{"id":1555,"href":"https:\/\/chainformation.com\/sv\/wp-json\/wp\/v2\/pages\/57\/revisions\/1555"}],"wp:attachment":[{"href":"https:\/\/chainformation.com\/sv\/wp-json\/wp\/v2\/media?parent=57"}],"curies":[{"name":"wp","href":"https:\/\/api.w.org\/{rel}","templated":true}]}}